{"id":2046,"date":"2026-04-17T12:57:52","date_gmt":"2026-04-17T10:57:52","guid":{"rendered":"https:\/\/roberttraczyk.art\/?page_id=2046"},"modified":"2026-04-17T13:00:17","modified_gmt":"2026-04-17T11:00:17","slug":"elementor-2046","status":"publish","type":"page","link":"https:\/\/roberttraczyk.art\/en\/elementor-2046\/","title":{"rendered":"Stypendium KPO"},"content":{"rendered":"<div data-elementor-type=\"wp-page\" data-elementor-id=\"2046\" class=\"elementor elementor-2046\">\n\t\t\t\t\t\t<section class=\"elementor-section elementor-top-section elementor-element elementor-element-6fcdcda elementor-section-boxed elementor-section-height-default elementor-section-height-default\" data-id=\"6fcdcda\" data-element_type=\"section\" data-e-type=\"section\">\n\t\t\t\t\t\t<div class=\"elementor-container elementor-column-gap-default\">\n\t\t\t\t\t<div class=\"elementor-column elementor-col-100 elementor-top-column elementor-element elementor-element-db759e0\" data-id=\"db759e0\" data-element_type=\"column\" data-e-type=\"column\">\n\t\t\t<div class=\"elementor-widget-wrap elementor-element-populated\">\n\t\t\t\t\t\t<div class=\"elementor-element elementor-element-85ea5a6 elementor-widget elementor-widget-text-editor\" data-id=\"85ea5a6\" data-element_type=\"widget\" data-e-type=\"widget\" data-widget_type=\"text-editor.default\">\n\t\t\t\t<div class=\"elementor-widget-container\">\n\t\t\t\t\t\t\t\t\t<p data-start=\"0\" data-end=\"90\"><strong data-start=\"0\" data-end=\"90\">Zrealizowany projekt stypendialny KPO \u2013 rozw\u00f3j kompetencji i nowych narz\u0119dzi tw\u00f3rczych<\/strong><\/p><p data-start=\"92\" data-end=\"304\">W okresie od wrze\u015bnia 2025 do lutego 2026 zrealizowa\u0142em przedsi\u0119wzi\u0119cie w ramach programu KPO \u2013 Stypendia 2025, kt\u00f3rego celem by\u0142o wzmocnienie mojego warsztatu jako niezale\u017cnego re\u017cysera, dramaturga i performera.<\/p><p data-start=\"306\" data-end=\"675\">Projekt obejmowa\u0142 zakup profesjonalnego sprz\u0119tu o\u015bwietleniowego, udzia\u0142 w indywidualnym kursie o\u015bwietlenia scenicznego oraz kursie j\u0119zyka angielskiego zako\u0144czonym egzaminem IELTS (wynik 6.0). Zdobyte kompetencje oraz nowe narz\u0119dzia umo\u017cliwiaj\u0105 mi samodzielne projektowanie i realizacj\u0119 \u015bwiat\u0142a w r\u00f3\u017cnorodnych przestrzeniach, tak\u017ce poza instytucjonalnym obiegiem teatru.<\/p><p data-start=\"677\" data-end=\"901\">Efekty przedsi\u0119wzi\u0119cia s\u0105 ju\u017c wykorzystywane w praktyce \u2013 zrealizowa\u0142em projekt artystyczny w Miliczu, a w przygotowaniu s\u0105 kolejne prezentacje spektaklu \u201eKiedy\u015b by\u0142am r\u00f3\u017c\u0105, dzi\u015b gnij\u0119 w kanale\u201d m.in. w Zgorzelcu i Bogatyni.<\/p><p data-start=\"903\" data-end=\"1197\">W najbli\u017cszych latach planuj\u0119 rozw\u00f3j wsp\u00f3\u0142pracy mi\u0119dzynarodowej (m.in. w Niemczech), aplikacj\u0119 na studia doktoranckie (Uniwersytet Warszawski, Aarhus University) oraz realizacj\u0119 nowych projekt\u00f3w, w tym instalacji \u201eCa\u0142y \u015bwiat jest scen\u0105\u201d podczas Festiwalu Szekspirowskiego w Gda\u0144sku w 2026 roku.<\/p><p data-start=\"1199\" data-end=\"1394\" data-is-last-node=\"\" data-is-only-node=\"\">Projekt przyczyni\u0142 si\u0119 do zwi\u0119kszenia mojej niezale\u017cno\u015bci tw\u00f3rczej, rozwoju kompetencji technicznych i j\u0119zykowych oraz otworzy\u0142 nowe mo\u017cliwo\u015bci dzia\u0142ania w przestrzeni lokalnej i mi\u0119dzynarodowej.<\/p>\t\t\t\t\t\t\t\t<\/div>\n\t\t\t\t<\/div>\n\t\t\t\t\t<\/div>\n\t\t<\/div>\n\t\t\t\t\t<\/div>\n\t\t<\/section>\n\t\t\t\t<section class=\"elementor-section elementor-top-section elementor-element elementor-element-cc07328 elementor-section-boxed elementor-section-height-default elementor-section-height-default\" data-id=\"cc07328\" data-element_type=\"section\" data-e-type=\"section\">\n\t\t\t\t\t\t<div class=\"elementor-container elementor-column-gap-default\">\n\t\t\t\t\t<div class=\"elementor-column elementor-col-33 elementor-top-column elementor-element elementor-element-7e22950\" data-id=\"7e22950\" data-element_type=\"column\" data-e-type=\"column\">\n\t\t\t<div class=\"elementor-widget-wrap elementor-element-populated\">\n\t\t\t\t\t\t<div class=\"elementor-element elementor-element-fbc010b elementor-widget elementor-widget-image\" data-id=\"fbc010b\" data-element_type=\"widget\" data-e-type=\"widget\" data-widget_type=\"image.default\">\n\t\t\t\t<div class=\"elementor-widget-container\">\n\t\t\t\t\t\t\t\t\t\t\t\t\t\t\t<img fetchpriority=\"high\" decoding=\"async\" width=\"640\" height=\"286\" src=\"https:\/\/roberttraczyk.art\/wp-content\/uploads\/2026\/04\/Znak_KPO_Poziom_RGB.png-1024x458.png\" class=\"attachment-large size-large wp-image-2045\" alt=\"\" srcset=\"https:\/\/roberttraczyk.art\/wp-content\/uploads\/2026\/04\/Znak_KPO_Poziom_RGB.png-1024x458.png 1024w, https:\/\/roberttraczyk.art\/wp-content\/uploads\/2026\/04\/Znak_KPO_Poziom_RGB.png-300x134.png 300w, https:\/\/roberttraczyk.art\/wp-content\/uploads\/2026\/04\/Znak_KPO_Poziom_RGB.png-768x343.png 768w, https:\/\/roberttraczyk.art\/wp-content\/uploads\/2026\/04\/Znak_KPO_Poziom_RGB.png-18x8.png 18w, https:\/\/roberttraczyk.art\/wp-content\/uploads\/2026\/04\/Znak_KPO_Poziom_RGB.png.png 1324w\" sizes=\"(min-width: 960px) 75vw, 100vw\" \/>\t\t\t\t\t\t\t\t\t\t\t\t\t\t\t<\/div>\n\t\t\t\t<\/div>\n\t\t\t\t\t<\/div>\n\t\t<\/div>\n\t\t\t\t<div class=\"elementor-column elementor-col-33 elementor-top-column elementor-element elementor-element-784253e\" data-id=\"784253e\" data-element_type=\"column\" data-e-type=\"column\">\n\t\t\t<div class=\"elementor-widget-wrap elementor-element-populated\">\n\t\t\t\t\t\t<div class=\"elementor-element elementor-element-539f09a elementor-widget elementor-widget-image\" data-id=\"539f09a\" data-element_type=\"widget\" data-e-type=\"widget\" data-widget_type=\"image.default\">\n\t\t\t\t<div class=\"elementor-widget-container\">\n\t\t\t\t\t\t\t\t\t\t\t\t\t\t\t<img decoding=\"async\" width=\"640\" height=\"244\" src=\"https:\/\/roberttraczyk.art\/wp-content\/uploads\/2026\/04\/Znak-barw-RP_linia-zamykajaca_Poziom_RGB.png-1024x390.png\" class=\"attachment-large size-large wp-image-2044\" alt=\"\" srcset=\"https:\/\/roberttraczyk.art\/wp-content\/uploads\/2026\/04\/Znak-barw-RP_linia-zamykajaca_Poziom_RGB.png-1024x390.png 1024w, https:\/\/roberttraczyk.art\/wp-content\/uploads\/2026\/04\/Znak-barw-RP_linia-zamykajaca_Poziom_RGB.png-300x114.png 300w, https:\/\/roberttraczyk.art\/wp-content\/uploads\/2026\/04\/Znak-barw-RP_linia-zamykajaca_Poziom_RGB.png-768x292.png 768w, https:\/\/roberttraczyk.art\/wp-content\/uploads\/2026\/04\/Znak-barw-RP_linia-zamykajaca_Poziom_RGB.png-1536x585.png 1536w, https:\/\/roberttraczyk.art\/wp-content\/uploads\/2026\/04\/Znak-barw-RP_linia-zamykajaca_Poziom_RGB.png-18x7.png 18w, https:\/\/roberttraczyk.art\/wp-content\/uploads\/2026\/04\/Znak-barw-RP_linia-zamykajaca_Poziom_RGB.png.png 1555w\" sizes=\"(min-width: 960px) 75vw, 100vw\" \/>\t\t\t\t\t\t\t\t\t\t\t\t\t\t\t<\/div>\n\t\t\t\t<\/div>\n\t\t\t\t\t<\/div>\n\t\t<\/div>\n\t\t\t\t<div class=\"elementor-column elementor-col-33 elementor-top-column elementor-element elementor-element-f045e22\" data-id=\"f045e22\" data-element_type=\"column\" data-e-type=\"column\">\n\t\t\t<div class=\"elementor-widget-wrap elementor-element-populated\">\n\t\t\t\t\t\t<div class=\"elementor-element elementor-element-128f217 elementor-widget elementor-widget-image\" data-id=\"128f217\" data-element_type=\"widget\" data-e-type=\"widget\" data-widget_type=\"image.default\">\n\t\t\t\t<div class=\"elementor-widget-container\">\n\t\t\t\t\t\t\t\t\t\t\t\t\t\t\t<img decoding=\"async\" width=\"640\" height=\"218\" src=\"https:\/\/roberttraczyk.art\/wp-content\/uploads\/2026\/04\/Znak_NextGenerationEU_Poziom_RGB.jpg-1024x348.jpg\" class=\"attachment-large size-large wp-image-2043\" alt=\"\" srcset=\"https:\/\/roberttraczyk.art\/wp-content\/uploads\/2026\/04\/Znak_NextGenerationEU_Poziom_RGB.jpg-1024x348.jpg 1024w, https:\/\/roberttraczyk.art\/wp-content\/uploads\/2026\/04\/Znak_NextGenerationEU_Poziom_RGB.jpg-300x102.jpg 300w, https:\/\/roberttraczyk.art\/wp-content\/uploads\/2026\/04\/Znak_NextGenerationEU_Poziom_RGB.jpg-768x261.jpg 768w, https:\/\/roberttraczyk.art\/wp-content\/uploads\/2026\/04\/Znak_NextGenerationEU_Poziom_RGB.jpg-1536x522.jpg 1536w, https:\/\/roberttraczyk.art\/wp-content\/uploads\/2026\/04\/Znak_NextGenerationEU_Poziom_RGB.jpg-18x6.jpg 18w, https:\/\/roberttraczyk.art\/wp-content\/uploads\/2026\/04\/Znak_NextGenerationEU_Poziom_RGB.jpg.jpg 1743w\" sizes=\"(min-width: 960px) 75vw, 100vw\" \/>\t\t\t\t\t\t\t\t\t\t\t\t\t\t\t<\/div>\n\t\t\t\t<\/div>\n\t\t\t\t\t<\/div>\n\t\t<\/div>\n\t\t\t\t\t<\/div>\n\t\t<\/section>\n\t\t\t\t<\/div>","protected":false},"excerpt":{"rendered":"<p>Zrealizowany projekt stypendialny KPO \u2013 rozw\u00f3j kompetencji i nowych narz\u0119dzi tw\u00f3rczych W okresie od wrze\u015bnia 2025 do lutego 2026 zrealizowa\u0142em przedsi\u0119wzi\u0119cie w ramach programu KPO \u2013 Stypendia 2025, kt\u00f3rego celem by\u0142o wzmocnienie mojego warsztatu jako niezale\u017cnego re\u017cysera, dramaturga i performera. Projekt obejmowa\u0142 zakup profesjonalnego sprz\u0119tu o\u015bwietleniowego, udzia\u0142 w indywidualnym kursie o\u015bwietlenia scenicznego oraz kursie j\u0119zyka [&hellip;]<\/p>\n","protected":false},"author":1,"featured_media":0,"parent":0,"menu_order":0,"comment_status":"closed","ping_status":"closed","template":"","meta":{"footnotes":""},"class_list":["post-2046","page","type-page","status-publish","hentry"],"_links":{"self":[{"href":"https:\/\/roberttraczyk.art\/en\/wp-json\/wp\/v2\/pages\/2046","targetHints":{"allow":["GET"]}}],"collection":[{"href":"https:\/\/roberttraczyk.art\/en\/wp-json\/wp\/v2\/pages"}],"about":[{"href":"https:\/\/roberttraczyk.art\/en\/wp-json\/wp\/v2\/types\/page"}],"author":[{"embeddable":true,"href":"https:\/\/roberttraczyk.art\/en\/wp-json\/wp\/v2\/users\/1"}],"replies":[{"embeddable":true,"href":"https:\/\/roberttraczyk.art\/en\/wp-json\/wp\/v2\/comments?post=2046"}],"version-history":[{"count":8,"href":"https:\/\/roberttraczyk.art\/en\/wp-json\/wp\/v2\/pages\/2046\/revisions"}],"predecessor-version":[{"id":2054,"href":"https:\/\/roberttraczyk.art\/en\/wp-json\/wp\/v2\/pages\/2046\/revisions\/2054"}],"wp:attachment":[{"href":"https:\/\/roberttraczyk.art\/en\/wp-json\/wp\/v2\/media?parent=2046"}],"curies":[{"name":"wp","href":"https:\/\/api.w.org\/{rel}","templated":true}]}}