{"id":1798,"date":"2025-07-30T13:22:55","date_gmt":"2025-07-30T11:22:55","guid":{"rendered":"https:\/\/roberttraczyk.art\/?page_id=1798"},"modified":"2025-07-30T13:24:47","modified_gmt":"2025-07-30T11:24:47","slug":"bio-dlugie","status":"publish","type":"page","link":"https:\/\/roberttraczyk.art\/en\/bio-dlugie\/","title":{"rendered":"Bio D\u0142ugie"},"content":{"rendered":"<div data-elementor-type=\"wp-page\" data-elementor-id=\"1798\" class=\"elementor elementor-1798\">\n\t\t\t\t\t\t<section class=\"elementor-section elementor-top-section elementor-element elementor-element-2d809d0 elementor-section-boxed elementor-section-height-default elementor-section-height-default\" data-id=\"2d809d0\" data-element_type=\"section\" data-e-type=\"section\">\n\t\t\t\t\t\t<div class=\"elementor-container elementor-column-gap-default\">\n\t\t\t\t\t<div class=\"elementor-column elementor-col-100 elementor-top-column elementor-element elementor-element-fae62fb\" data-id=\"fae62fb\" data-element_type=\"column\" data-e-type=\"column\">\n\t\t\t<div class=\"elementor-widget-wrap elementor-element-populated\">\n\t\t\t\t\t\t<div class=\"elementor-element elementor-element-f0cf895 elementor-widget elementor-widget-text-editor\" data-id=\"f0cf895\" data-element_type=\"widget\" data-e-type=\"widget\" data-widget_type=\"text-editor.default\">\n\t\t\t\t<div class=\"elementor-widget-container\">\n\t\t\t\t\t\t\t\t\t<div class=\"elementor-element elementor-element-9f90aaa elementor-widget elementor-widget-text-editor\" data-id=\"9f90aaa\" data-element_type=\"widget\" data-widget_type=\"text-editor.default\"><div class=\"elementor-widget-container\"><p>A graduate of Wroclaw University of Technology and directing at the Academy of Theater Arts in Wroclaw, as well as Story Masterclass at Story Adacemy in Gotland Folkskola in Sweden, He is particularly associated with the Grotowski Institute in Wroclaw, where he co-creates the \"Theater on Facts\" project. As part of this project, he wrote the script and directed the play \"TanzGala\", and as a co-author of the text and playwright he worked on \"Male Perspectives on Love\". He co-directed\u00a0<wbr \/>spektakl \u201eZJEMY WASZE DZIECI. Z CEBUL\u0104\u201d,\u00a0kt\u00f3ry\u00a0zdoby\u0142 nagrod\u0119 zespo\u0142ow\u0105 na festiwalu dramaturgii wsp\u00f3\u0142czesnej w Zabrzu oraz zosta\u0142 nagrodzony \u201eWarto\u201d \u2013 nagrod\u0105 wroc\u0142awskiej Gazety Wyborczej. Wyre\u017cyserowa\u0142 \u201eEksploracje Duszy Maszyny\u201d oraz \u015bwietnie przyj\u0119ty spektakl \u201eAskAPP\u201d. Re\u017cyserowa\u0142 te\u017c spektakl \u201e7 zim\u201d w koprodukcji Wroc\u0142awskiego Teatru Ta\u0144ca i Teatru Polskiego we Wroc\u0142awiu<\/p><p>As part of the international \"Three Chairs\" project, he creates Polish-German-Czech performances.<wbr \/>Among others, \" Scenario for Three Actresses\", \"Amazon Burns\" and \"Influencer is looking for a wife\".<\/p><p>He directed the reading of Stanis\u0142aw Wyspia\u0144ski's \"Liberation\" at the Jan Kochanowski Theater in Opole and \"Martin. Eternal Arthur\" by Mateusz Paku\u0142a at the Kombinat theater in Wroclaw.<\/p><p>He was an assistant to Przemek Wojcieszek on \"Svetlana\" and to Aleksandra Poplawska on \" Short Interviews with Nasty People\".<\/p><p>Jego \u201e\u015amier\u0107 Cz\u0142owieka-Wiewi\u00f3rki\u201d na podstawie tekstu Ma\u0142gorzaty Sikorskiej-Miszczuk by\u0142a pokazywana w ramach 41. Przegl\u0105du Piosenki Aktorskiej we wroc\u0142awskim teatrze Capitol. Zdoby\u0142 tak\u017ce g\u0142\u00f3wn\u0105 nagrod\u0119 na festiwalu \u201eEntree\u201d w Teatrze Rozrywki w Chorzowie. Wyre\u017cyserowa\u0142 te\u017c \u201eKordiana\u201d Juliusza S\u0142owackiego w Teatrze Nowym Proxima w Krakowie.<\/p><p>Wyre\u017cyserowa\u0142 spektakl \u201eChod\u017a na s\u0142\u00f3wko\u201d na podstawie tekstu Maliny Prze\u015blugi w teatrze \u201eKubu\u015b\u201d w Kielcah. Spektakl bierze udzia\u0142 w 29. Konkursie na Wystawienie Polskiej Sztuki Wsp\u00f3\u0142czesnej. Przedstawienie zwyci\u0119\u017cy\u0142o w plebiscycie publiczno\u015bci \u201eWystrza\u0142owy Kubu\u015b\u201d na najpopularniejsze przedstawienie sezonu 2022\/2023. Najnowsza premiera \u201eKiedy\u015b R\u00f3\u017c\u0105 by\u0142am, dzi\u015b gnij\u0119 w kanale\u201d odby\u0142\u0105 si\u0119 na festiwalu PESTKA 2025! <\/p><p>Jego opowiadanie \u201eObcy Pana\u00a0Shrodingera\u201d zosta\u0142o opublikowane w zbiorze \u201eDzieje si\u0119\u201d, wydanym przez grup\u0119 wydawnicz\u0105 Alpaka. Nowela \u201eO dziewczynie, co nie mia\u0142a implant\u00f3w\u201d zdoby\u0142a g\u0142\u00f3wn\u0105 nagrod\u0119 w konkursie \u201eKryszta\u0142owe Smoki\u201d 2020, a dramat \u201eEveryBoy&amp;ExtraGirl\u201d znalaz\u0142 si\u0119 w finale \u201eM\u0142od(sz)ej Polski\u201d, konkursu Narodowego Starego Teatru w Krakowie. Tekst \u201eNiezwyk\u0142e odkrycie Papugi\u201d by\u0142 w finale 33.\u00a0 konkursu na sztuk\u0119 dla dzieci i m\u0142odzie\u017cy. Tekst ten zosta\u0142 wystawiony w Lubuskim Teatrze w Zielonej G\u00f3rze, gdzie w plebiscycie publiczno\u015bci \u201eLEONY\u201d zosta\u0142 wybrany najpopularniejszym spektaklem sezonu 2023\/2024.<\/p><p>Autor scenariusza musicalu \u201ePlanet Error\u201d wystawionego w Akademii Muzycznej w \u0141odzi, jako Spektakl Dyplomowy Student\u00f3w Katedry Musicalu. <br \/>Scenarzysta serialu \u201eKapitalne Opowie\u015bci\u201d w 4FUN.KIDS.<\/p><p>ZAIKS GRANT RECIPIENT<br \/>Stypendysta \u201eM\u0142oda Polska 2023\u201d<\/p><\/div><\/div>\t\t\t\t\t\t\t\t<\/div>\n\t\t\t\t<\/div>\n\t\t\t\t\t<\/div>\n\t\t<\/div>\n\t\t\t\t\t<\/div>\n\t\t<\/section>\n\t\t\t\t<\/div>","protected":false},"excerpt":{"rendered":"<p>Absolwent Politechniki Wroc\u0142awskiej i re\u017cyserii na wroc\u0142awskiej Akademii Sztuk Teatralnych oraz Story Masterclass w Story Adacemy w Gotland Folkskola w Szewcji, Jest szczeg\u00f3lnie zwi\u0105zany z Instytutem Grotowskiego we Wroc\u0142awiu, gdzie wsp\u00f3\u0142tworzy projekt \u201eTeatr na faktach\u201d. W ramach tego przedsi\u0119wzi\u0119cia napisa\u0142 scenariusz i wyre\u017cyserowa\u0142 spektakl \u201eTanzGala\u201d, a jako wsp\u00f3\u0142autor tekstu oraz dramaturg pracowa\u0142 przy \u201eM\u0119skich Perspektywach [&hellip;]<\/p>\n","protected":false},"author":1,"featured_media":0,"parent":0,"menu_order":0,"comment_status":"closed","ping_status":"closed","template":"","meta":{"footnotes":""},"class_list":["post-1798","page","type-page","status-publish","hentry"],"_links":{"self":[{"href":"https:\/\/roberttraczyk.art\/en\/wp-json\/wp\/v2\/pages\/1798","targetHints":{"allow":["GET"]}}],"collection":[{"href":"https:\/\/roberttraczyk.art\/en\/wp-json\/wp\/v2\/pages"}],"about":[{"href":"https:\/\/roberttraczyk.art\/en\/wp-json\/wp\/v2\/types\/page"}],"author":[{"embeddable":true,"href":"https:\/\/roberttraczyk.art\/en\/wp-json\/wp\/v2\/users\/1"}],"replies":[{"embeddable":true,"href":"https:\/\/roberttraczyk.art\/en\/wp-json\/wp\/v2\/comments?post=1798"}],"version-history":[{"count":5,"href":"https:\/\/roberttraczyk.art\/en\/wp-json\/wp\/v2\/pages\/1798\/revisions"}],"predecessor-version":[{"id":1803,"href":"https:\/\/roberttraczyk.art\/en\/wp-json\/wp\/v2\/pages\/1798\/revisions\/1803"}],"wp:attachment":[{"href":"https:\/\/roberttraczyk.art\/en\/wp-json\/wp\/v2\/media?parent=1798"}],"curies":[{"name":"wp","href":"https:\/\/api.w.org\/{rel}","templated":true}]}}