{"id":1619,"date":"2025-04-02T15:58:08","date_gmt":"2025-04-02T13:58:08","guid":{"rendered":"https:\/\/roberttraczyk.art\/?page_id=1619"},"modified":"2025-04-02T15:58:08","modified_gmt":"2025-04-02T13:58:08","slug":"vero-i-roboty","status":"publish","type":"page","link":"https:\/\/roberttraczyk.art\/en\/vero-i-roboty\/","title":{"rendered":"Vero i Roboty"},"content":{"rendered":"<p>In recognition of its original and multifaceted storyline, touching on the theme of the relationship between people and technology, as well as a profound message about family ties, sacrifice AND courage. The project stands out for its innovative approach, emotive narrative and unique <a><\/a>artistic potential , which inspires young viewers to reflect on the modern world\u201d<\/p>\n\n\n\n<p>The screenplay project for the film entitled. , \u201cVero and the Robots\u201d receives an honorable mention for its innovative approach to the theme of the relationship between humans and technology, and for its insightful portrayal of family ties in a world full of tensions and conflicts. The jury appreciated the dynamic multidimensional plot, in which the characters not only experience exciting adventures, but also learn mutual understanding, sacrifice and acceptance. The character of Vero stands out for its authenticity, and its emotional development sends a profound message to the young viewer. We were particularly captured by the author's courage in dealing with difficult topics, such as the morality of technology, freedom, parenthood, and in creating a world in which emotions, both human and robotic, play a key role. The project is distinguished by its high artistic and educational potential, perfectly matching the needs of contemporary cinema for children and young people.<\/p>","protected":false},"excerpt":{"rendered":"<p>W uznaniu za oryginalna i wielowymiarowa fabu\u0142\u0119, poruszaj\u0105ca tematyk\u0119 relacji ludzi z technologi\u0105, a tak\u017ce g\u0142\u0119bokie przes\u0142anie o rodzinnych wi\u0119zach, po\u015bwi\u0119ceniu I odwadze. Projekt wyr\u00f3\u017cnia si\u0119 nowatorskim podej\u015bciem, emocjonuj\u0105ca narracja i wyj\u0105tkowym potencja\u0142em artystyczny , kt\u00f3ry inspiruje m\u0142odych widz\u00f3w do refleksji nad wsp\u00f3\u0142czesnym \u015bwiatem&#8221; Projekt scenariusza filmu pt. ,&#8221;Vero i Roboty&#8221; otrzymuje wyr\u00f3\u017cnienie za nowatorskie [&hellip;]<\/p>\n","protected":false},"author":1,"featured_media":0,"parent":0,"menu_order":0,"comment_status":"closed","ping_status":"closed","template":"","meta":{"footnotes":""},"class_list":["post-1619","page","type-page","status-publish","hentry"],"_links":{"self":[{"href":"https:\/\/roberttraczyk.art\/en\/wp-json\/wp\/v2\/pages\/1619","targetHints":{"allow":["GET"]}}],"collection":[{"href":"https:\/\/roberttraczyk.art\/en\/wp-json\/wp\/v2\/pages"}],"about":[{"href":"https:\/\/roberttraczyk.art\/en\/wp-json\/wp\/v2\/types\/page"}],"author":[{"embeddable":true,"href":"https:\/\/roberttraczyk.art\/en\/wp-json\/wp\/v2\/users\/1"}],"replies":[{"embeddable":true,"href":"https:\/\/roberttraczyk.art\/en\/wp-json\/wp\/v2\/comments?post=1619"}],"version-history":[{"count":1,"href":"https:\/\/roberttraczyk.art\/en\/wp-json\/wp\/v2\/pages\/1619\/revisions"}],"predecessor-version":[{"id":1620,"href":"https:\/\/roberttraczyk.art\/en\/wp-json\/wp\/v2\/pages\/1619\/revisions\/1620"}],"wp:attachment":[{"href":"https:\/\/roberttraczyk.art\/en\/wp-json\/wp\/v2\/media?parent=1619"}],"curies":[{"name":"wp","href":"https:\/\/api.w.org\/{rel}","templated":true}]}}