{"id":1569,"date":"2024-12-21T07:34:37","date_gmt":"2024-12-21T06:34:37","guid":{"rendered":"https:\/\/roberttraczyk.art\/?page_id=1569"},"modified":"2024-12-21T07:34:38","modified_gmt":"2024-12-21T06:34:38","slug":"everyboyextragirl","status":"publish","type":"page","link":"https:\/\/roberttraczyk.art\/en\/everyboyextragirl\/","title":{"rendered":"EVERYBOY&amp;EXTRAGIRL!"},"content":{"rendered":"<div class=\"wp-block-columns is-layout-flex wp-container-core-columns-is-layout-9d6595d7 wp-block-columns-is-layout-flex\">\n<div class=\"wp-block-column is-layout-flow wp-block-column-is-layout-flow\">\n<figure class=\"wp-block-embed is-type-video is-provider-youtube wp-block-embed-youtube wp-embed-aspect-16-9 wp-has-aspect-ratio\"><div class=\"wp-block-embed__wrapper\">\n<iframe title=\"EveryBoy&amp;ExtraGirl!\" width=\"720\" height=\"405\" src=\"https:\/\/www.youtube.com\/embed\/dQZkQ5Z8mx0?feature=oembed\" frameborder=\"0\" allow=\"accelerometer; autoplay; clipboard-write; encrypted-media; gyroscope; picture-in-picture; web-share\" referrerpolicy=\"strict-origin-when-cross-origin\" allowfullscreen><\/iframe>\n<\/div><\/figure>\n<\/div>\n\n\n\n<div class=\"wp-block-column is-layout-flow wp-block-column-is-layout-flow\">\n<p><strong>Audio Drama EveryBoy&amp;ExtraGirl! <\/strong><br><br>When the traditional model of masculinity feels outdated, but patriarchy still demands behaviors deeply rooted in its structure and collective subconscious, it's hard to find your way. Especially when you're a young guy. Especially when your girlfriend is a superhero. Especially when her friends are superheroes too, and the antagonist is a handsome, masculine jerk. The kind every young man thinks he should aspire to be\u2014or at least that's what pop culture says.\nHow do you navigate a world without clear authorities, where heroes are no longer fathers or priests but superheroes? Do you need superhuman powers to cope with reality?<br><br> \ud83c\uddec\ud83c\udde7The audio drama will include English subtitles. <br><br>Script and direction: Robert Traczyk <br>Music: Dawid Aleksy Doro\u017cy\u0144ski <br>Cast: Adrian K\u0105ca, Agnieszka Ory\u0144ska, Krzysztof Gr\u0119bski, Anna B\u0142aut, Anna Ilczuk, Andrzej K\u0142ak, Pawe\u0142 Wolak, Micha\u0142 Szwed <br>Post-production and sound design: Voiceland Studio (Jaros\u0142aw Czernichowski, Dariusz Sok\u00f3lski)\nGraphic design: Marta Czujowska\nExecutive Producer: Joanna \u015aliwa <br>Production: B&amp;D Consulting sp. z.o.o <br><br>The script was a finalist in the 2020 M\u0142od(sz)a Polska playwriting competition, organized by Narodowy Stary Teatr, and was published in the Theatre's digital anthology. <br><br>The European Union's NextGenerationEU co-funds the project under the National Recovery Pl<br><br>The European Union's NextGenerationEU co-funds the project under the National Recovery Pl <br><br>TW: The audio drama features scenes of violence, alcohol and foul language<\/p>\n<\/div>\n<\/div>","protected":false},"excerpt":{"rendered":"<p>S\u0142uchowisko EveryBoy&amp;ExtraGirl! Gdy tradycyjny model m\u0119sko\u015bci wydaje si\u0119 archaiczny, ale patriarchat wci\u0105\u017c wymaga zachowa\u0144 g\u0142\u0119boko zakorzenionych w jego strukturze i zbiorowej pod\u015bwiadomo\u015bci, ci\u0119\u017cko jest si\u0119 odnale\u017a\u0107. Zw\u0142aszcza gdy jeste\u015b m\u0142odym ch\u0142opakiem. Zw\u0142aszcza gdy twoja dziewczyna jest superbohaterk\u0105. Zw\u0142aszcza gdy superbohaterami s\u0105 te\u017c jej przyjaciele, a antagonist\u0105 m\u0119ski i przystojny dra\u0144. Taki, jakim ka\u017cdy m\u0142odzieniec chcia\u0142by [&hellip;]<\/p>\n","protected":false},"author":1,"featured_media":0,"parent":0,"menu_order":0,"comment_status":"closed","ping_status":"closed","template":"","meta":{"footnotes":""},"class_list":["post-1569","page","type-page","status-publish","hentry"],"_links":{"self":[{"href":"https:\/\/roberttraczyk.art\/en\/wp-json\/wp\/v2\/pages\/1569","targetHints":{"allow":["GET"]}}],"collection":[{"href":"https:\/\/roberttraczyk.art\/en\/wp-json\/wp\/v2\/pages"}],"about":[{"href":"https:\/\/roberttraczyk.art\/en\/wp-json\/wp\/v2\/types\/page"}],"author":[{"embeddable":true,"href":"https:\/\/roberttraczyk.art\/en\/wp-json\/wp\/v2\/users\/1"}],"replies":[{"embeddable":true,"href":"https:\/\/roberttraczyk.art\/en\/wp-json\/wp\/v2\/comments?post=1569"}],"version-history":[{"count":2,"href":"https:\/\/roberttraczyk.art\/en\/wp-json\/wp\/v2\/pages\/1569\/revisions"}],"predecessor-version":[{"id":1571,"href":"https:\/\/roberttraczyk.art\/en\/wp-json\/wp\/v2\/pages\/1569\/revisions\/1571"}],"wp:attachment":[{"href":"https:\/\/roberttraczyk.art\/en\/wp-json\/wp\/v2\/media?parent=1569"}],"curies":[{"name":"wp","href":"https:\/\/api.w.org\/{rel}","templated":true}]}}