{"id":1446,"date":"2024-03-03T09:07:22","date_gmt":"2024-03-03T08:07:22","guid":{"rendered":"https:\/\/roberttraczyk.art\/?page_id=1446"},"modified":"2024-03-03T09:08:37","modified_gmt":"2024-03-03T08:08:37","slug":"z-buda-zmieleni","status":"publish","type":"page","link":"https:\/\/roberttraczyk.art\/en\/z-buda-zmieleni\/","title":{"rendered":"WITH THE KENNEL GROUND"},"content":{"rendered":"<div data-elementor-type=\"wp-page\" data-elementor-id=\"1446\" class=\"elementor elementor-1446\">\n\t\t\t\t\t\t<section class=\"elementor-section elementor-top-section elementor-element elementor-element-a48d57b elementor-section-boxed elementor-section-height-default elementor-section-height-default\" data-id=\"a48d57b\" data-element_type=\"section\" data-e-type=\"section\">\n\t\t\t\t\t\t<div class=\"elementor-container elementor-column-gap-default\">\n\t\t\t\t\t<div class=\"elementor-column elementor-col-50 elementor-top-column elementor-element elementor-element-6822639\" data-id=\"6822639\" data-element_type=\"column\" data-e-type=\"column\">\n\t\t\t<div class=\"elementor-widget-wrap elementor-element-populated\">\n\t\t\t\t\t\t<div class=\"elementor-element elementor-element-f4724fa elementor-widget elementor-widget-image-gallery\" data-id=\"f4724fa\" data-element_type=\"widget\" data-e-type=\"widget\" data-widget_type=\"image-gallery.default\">\n\t\t\t\t<div class=\"elementor-widget-container\">\n\t\t\t\t\t\t\t<div class=\"elementor-image-gallery\">\n\t\t\t<div id='gallery-1' class='gallery galleryid-1446 gallery-columns-4 gallery-size-thumbnail'><figure class='gallery-item'>\n\t\t\t<div class='gallery-icon landscape'>\n\t\t\t\t<a data-elementor-open-lightbox=\"yes\" data-elementor-lightbox-slideshow=\"f4724fa\" data-elementor-lightbox-title=\"057A7593_b_fot.barth_jaskiewicz_fot.Barth_Jaskiewicz\" data-e-action-hash=\"#elementor-action%3Aaction%3Dlightbox%26settings%3DeyJpZCI6MTQzMCwidXJsIjoiaHR0cHM6XC9cL3JvYmVydHRyYWN6eWsuYXJ0XC93cC1jb250ZW50XC91cGxvYWRzXC8yMDI0XC8wM1wvMDU3QTc1OTNfYl9mb3QuYmFydGhfamFza2lld2ljel9mb3QuQmFydGhfSmFza2lld2ljei5qcGciLCJzbGlkZXNob3ciOiJmNDcyNGZhIn0%3D\" href='https:\/\/roberttraczyk.art\/wp-content\/uploads\/2024\/03\/057A7593_b_fot.barth_jaskiewicz_fot.Barth_Jaskiewicz.jpg'><img decoding=\"async\" width=\"150\" height=\"150\" src=\"https:\/\/roberttraczyk.art\/wp-content\/uploads\/2024\/03\/057A7593_b_fot.barth_jaskiewicz_fot.Barth_Jaskiewicz-150x150.jpg\" class=\"attachment-thumbnail size-thumbnail\" alt=\"\" sizes=\"(min-width: 960px) 75vw, 100vw\" \/><\/a>\n\t\t\t<\/div><\/figure><figure class='gallery-item'>\n\t\t\t<div class='gallery-icon landscape'>\n\t\t\t\t<a data-elementor-open-lightbox=\"yes\" data-elementor-lightbox-slideshow=\"f4724fa\" data-elementor-lightbox-title=\"057A7633_fot.barth_jaskiewicz_fot.Barth_Jaskiewicz\" data-e-action-hash=\"#elementor-action%3Aaction%3Dlightbox%26settings%3DeyJpZCI6MTQzMywidXJsIjoiaHR0cHM6XC9cL3JvYmVydHRyYWN6eWsuYXJ0XC93cC1jb250ZW50XC91cGxvYWRzXC8yMDI0XC8wM1wvMDU3QTc2MzNfZm90LmJhcnRoX2phc2tpZXdpY3pfZm90LkJhcnRoX0phc2tpZXdpY3ouanBnIiwic2xpZGVzaG93IjoiZjQ3MjRmYSJ9\" href='https:\/\/roberttraczyk.art\/wp-content\/uploads\/2024\/03\/057A7633_fot.barth_jaskiewicz_fot.Barth_Jaskiewicz.jpg'><img decoding=\"async\" width=\"150\" height=\"150\" src=\"https:\/\/roberttraczyk.art\/wp-content\/uploads\/2024\/03\/057A7633_fot.barth_jaskiewicz_fot.Barth_Jaskiewicz-150x150.jpg\" class=\"attachment-thumbnail size-thumbnail\" alt=\"\" sizes=\"(min-width: 960px) 75vw, 100vw\" \/><\/a>\n\t\t\t<\/div><\/figure><figure class='gallery-item'>\n\t\t\t<div class='gallery-icon landscape'>\n\t\t\t\t<a data-elementor-open-lightbox=\"yes\" data-elementor-lightbox-slideshow=\"f4724fa\" data-elementor-lightbox-title=\"057A7645_fot.barth_jaskiewicz_fot.Barth_Jaskiewicz\" data-e-action-hash=\"#elementor-action%3Aaction%3Dlightbox%26settings%3DeyJpZCI6MTQzNCwidXJsIjoiaHR0cHM6XC9cL3JvYmVydHRyYWN6eWsuYXJ0XC93cC1jb250ZW50XC91cGxvYWRzXC8yMDI0XC8wM1wvMDU3QTc2NDVfZm90LmJhcnRoX2phc2tpZXdpY3pfZm90LkJhcnRoX0phc2tpZXdpY3ouanBnIiwic2xpZGVzaG93IjoiZjQ3MjRmYSJ9\" href='https:\/\/roberttraczyk.art\/wp-content\/uploads\/2024\/03\/057A7645_fot.barth_jaskiewicz_fot.Barth_Jaskiewicz.jpg'><img decoding=\"async\" width=\"150\" height=\"150\" src=\"https:\/\/roberttraczyk.art\/wp-content\/uploads\/2024\/03\/057A7645_fot.barth_jaskiewicz_fot.Barth_Jaskiewicz-150x150.jpg\" class=\"attachment-thumbnail size-thumbnail\" alt=\"\" sizes=\"(min-width: 960px) 75vw, 100vw\" \/><\/a>\n\t\t\t<\/div><\/figure><figure class='gallery-item'>\n\t\t\t<div class='gallery-icon portrait'>\n\t\t\t\t<a data-elementor-open-lightbox=\"yes\" data-elementor-lightbox-slideshow=\"f4724fa\" data-elementor-lightbox-title=\"057A7649_b_fot.barth_jaskiewicz_fot.Barth_Jaskiewicz\" data-e-action-hash=\"#elementor-action%3Aaction%3Dlightbox%26settings%3DeyJpZCI6MTQzNSwidXJsIjoiaHR0cHM6XC9cL3JvYmVydHRyYWN6eWsuYXJ0XC93cC1jb250ZW50XC91cGxvYWRzXC8yMDI0XC8wM1wvMDU3QTc2NDlfYl9mb3QuYmFydGhfamFza2lld2ljel9mb3QuQmFydGhfSmFza2lld2ljei5qcGciLCJzbGlkZXNob3ciOiJmNDcyNGZhIn0%3D\" href='https:\/\/roberttraczyk.art\/wp-content\/uploads\/2024\/03\/057A7649_b_fot.barth_jaskiewicz_fot.Barth_Jaskiewicz.jpg'><img loading=\"lazy\" decoding=\"async\" width=\"150\" height=\"150\" src=\"https:\/\/roberttraczyk.art\/wp-content\/uploads\/2024\/03\/057A7649_b_fot.barth_jaskiewicz_fot.Barth_Jaskiewicz-150x150.jpg\" class=\"attachment-thumbnail size-thumbnail\" alt=\"\" srcset=\"https:\/\/roberttraczyk.art\/wp-content\/uploads\/2024\/03\/057A7649_b_fot.barth_jaskiewicz_fot.Barth_Jaskiewicz-150x150.jpg 150w, https:\/\/roberttraczyk.art\/wp-content\/uploads\/2024\/03\/057A7649_b_fot.barth_jaskiewicz_fot.Barth_Jaskiewicz-800x800.jpg 800w\" sizes=\"(min-width: 960px) 75vw, 100vw\" \/><\/a>\n\t\t\t<\/div><\/figure><figure class='gallery-item'>\n\t\t\t<div class='gallery-icon landscape'>\n\t\t\t\t<a data-elementor-open-lightbox=\"yes\" data-elementor-lightbox-slideshow=\"f4724fa\" data-elementor-lightbox-title=\"057A7745_fot.barth_jaskiewicz_fot.Barth_Jaskiewicz\" data-e-action-hash=\"#elementor-action%3Aaction%3Dlightbox%26settings%3DeyJpZCI6MTQzNiwidXJsIjoiaHR0cHM6XC9cL3JvYmVydHRyYWN6eWsuYXJ0XC93cC1jb250ZW50XC91cGxvYWRzXC8yMDI0XC8wM1wvMDU3QTc3NDVfZm90LmJhcnRoX2phc2tpZXdpY3pfZm90LkJhcnRoX0phc2tpZXdpY3ouanBnIiwic2xpZGVzaG93IjoiZjQ3MjRmYSJ9\" href='https:\/\/roberttraczyk.art\/wp-content\/uploads\/2024\/03\/057A7745_fot.barth_jaskiewicz_fot.Barth_Jaskiewicz.jpg'><img loading=\"lazy\" decoding=\"async\" width=\"150\" height=\"150\" src=\"https:\/\/roberttraczyk.art\/wp-content\/uploads\/2024\/03\/057A7745_fot.barth_jaskiewicz_fot.Barth_Jaskiewicz-150x150.jpg\" class=\"attachment-thumbnail size-thumbnail\" alt=\"\" sizes=\"(min-width: 960px) 75vw, 100vw\" \/><\/a>\n\t\t\t<\/div><\/figure><figure class='gallery-item'>\n\t\t\t<div class='gallery-icon landscape'>\n\t\t\t\t<a data-elementor-open-lightbox=\"yes\" data-elementor-lightbox-slideshow=\"f4724fa\" data-elementor-lightbox-title=\"057A7745_fot.barth_jaskiewicz_fot.Barth_Jaskiewicz\" data-e-action-hash=\"#elementor-action%3Aaction%3Dlightbox%26settings%3DeyJpZCI6MTQzNywidXJsIjoiaHR0cHM6XC9cL3JvYmVydHRyYWN6eWsuYXJ0XC93cC1jb250ZW50XC91cGxvYWRzXC8yMDI0XC8wM1wvMDU3QTc3OTJfZm90LmJhcnRoX2phc2tpZXdpY3pfZm90LkJhcnRoX0phc2tpZXdpY3ouanBnIiwic2xpZGVzaG93IjoiZjQ3MjRmYSJ9\" href='https:\/\/roberttraczyk.art\/wp-content\/uploads\/2024\/03\/057A7792_fot.barth_jaskiewicz_fot.Barth_Jaskiewicz.jpg'><img loading=\"lazy\" decoding=\"async\" width=\"150\" height=\"150\" src=\"https:\/\/roberttraczyk.art\/wp-content\/uploads\/2024\/03\/057A7792_fot.barth_jaskiewicz_fot.Barth_Jaskiewicz-150x150.jpg\" class=\"attachment-thumbnail size-thumbnail\" alt=\"\" sizes=\"(min-width: 960px) 75vw, 100vw\" \/><\/a>\n\t\t\t<\/div><\/figure><figure class='gallery-item'>\n\t\t\t<div class='gallery-icon landscape'>\n\t\t\t\t<a data-elementor-open-lightbox=\"yes\" data-elementor-lightbox-slideshow=\"f4724fa\" data-elementor-lightbox-title=\"057A7855_b_fot.barth_jaskiewicz_fot.Barth_Jaskiewicz\" data-e-action-hash=\"#elementor-action%3Aaction%3Dlightbox%26settings%3DeyJpZCI6MTQzOCwidXJsIjoiaHR0cHM6XC9cL3JvYmVydHRyYWN6eWsuYXJ0XC93cC1jb250ZW50XC91cGxvYWRzXC8yMDI0XC8wM1wvMDU3QTc4NTVfYl9mb3QuYmFydGhfamFza2lld2ljel9mb3QuQmFydGhfSmFza2lld2ljei5qcGciLCJzbGlkZXNob3ciOiJmNDcyNGZhIn0%3D\" href='https:\/\/roberttraczyk.art\/wp-content\/uploads\/2024\/03\/057A7855_b_fot.barth_jaskiewicz_fot.Barth_Jaskiewicz.jpg'><img loading=\"lazy\" decoding=\"async\" width=\"150\" height=\"150\" src=\"https:\/\/roberttraczyk.art\/wp-content\/uploads\/2024\/03\/057A7855_b_fot.barth_jaskiewicz_fot.Barth_Jaskiewicz-150x150.jpg\" class=\"attachment-thumbnail size-thumbnail\" alt=\"\" sizes=\"(min-width: 960px) 75vw, 100vw\" \/><\/a>\n\t\t\t<\/div><\/figure><figure class='gallery-item'>\n\t\t\t<div class='gallery-icon landscape'>\n\t\t\t\t<a data-elementor-open-lightbox=\"yes\" data-elementor-lightbox-slideshow=\"f4724fa\" data-elementor-lightbox-title=\"057A7866_fot.barth_jaskiewicz_fot.Barth_Jaskiewicz\" data-e-action-hash=\"#elementor-action%3Aaction%3Dlightbox%26settings%3DeyJpZCI6MTQzOSwidXJsIjoiaHR0cHM6XC9cL3JvYmVydHRyYWN6eWsuYXJ0XC93cC1jb250ZW50XC91cGxvYWRzXC8yMDI0XC8wM1wvMDU3QTc4NjZfZm90LmJhcnRoX2phc2tpZXdpY3pfZm90LkJhcnRoX0phc2tpZXdpY3ouanBnIiwic2xpZGVzaG93IjoiZjQ3MjRmYSJ9\" href='https:\/\/roberttraczyk.art\/wp-content\/uploads\/2024\/03\/057A7866_fot.barth_jaskiewicz_fot.Barth_Jaskiewicz.jpg'><img loading=\"lazy\" decoding=\"async\" width=\"150\" height=\"150\" src=\"https:\/\/roberttraczyk.art\/wp-content\/uploads\/2024\/03\/057A7866_fot.barth_jaskiewicz_fot.Barth_Jaskiewicz-150x150.jpg\" class=\"attachment-thumbnail size-thumbnail\" alt=\"\" sizes=\"(min-width: 960px) 75vw, 100vw\" \/><\/a>\n\t\t\t<\/div><\/figure><figure class='gallery-item'>\n\t\t\t<div class='gallery-icon landscape'>\n\t\t\t\t<a data-elementor-open-lightbox=\"yes\" data-elementor-lightbox-slideshow=\"f4724fa\" data-elementor-lightbox-title=\"057A7914_fot.barth_jaskiewicz_fot.Barth_Jaskiewicz\" data-e-action-hash=\"#elementor-action%3Aaction%3Dlightbox%26settings%3DeyJpZCI6MTQ0MSwidXJsIjoiaHR0cHM6XC9cL3JvYmVydHRyYWN6eWsuYXJ0XC93cC1jb250ZW50XC91cGxvYWRzXC8yMDI0XC8wM1wvMDU3QTc5MTRfZm90LmJhcnRoX2phc2tpZXdpY3pfZm90LkJhcnRoX0phc2tpZXdpY3ouanBnIiwic2xpZGVzaG93IjoiZjQ3MjRmYSJ9\" href='https:\/\/roberttraczyk.art\/wp-content\/uploads\/2024\/03\/057A7914_fot.barth_jaskiewicz_fot.Barth_Jaskiewicz.jpg'><img loading=\"lazy\" decoding=\"async\" width=\"150\" height=\"150\" src=\"https:\/\/roberttraczyk.art\/wp-content\/uploads\/2024\/03\/057A7914_fot.barth_jaskiewicz_fot.Barth_Jaskiewicz-150x150.jpg\" class=\"attachment-thumbnail size-thumbnail\" alt=\"\" sizes=\"(min-width: 960px) 75vw, 100vw\" \/><\/a>\n\t\t\t<\/div><\/figure><figure class='gallery-item'>\n\t\t\t<div class='gallery-icon landscape'>\n\t\t\t\t<a data-elementor-open-lightbox=\"yes\" data-elementor-lightbox-slideshow=\"f4724fa\" data-elementor-lightbox-title=\"057A7960_b_fot.barth_jaskiewicz_fot.Barth_Jaskiewicz\" data-e-action-hash=\"#elementor-action%3Aaction%3Dlightbox%26settings%3DeyJpZCI6MTQ0MiwidXJsIjoiaHR0cHM6XC9cL3JvYmVydHRyYWN6eWsuYXJ0XC93cC1jb250ZW50XC91cGxvYWRzXC8yMDI0XC8wM1wvMDU3QTc5NjBfYl9mb3QuYmFydGhfamFza2lld2ljel9mb3QuQmFydGhfSmFza2lld2ljei5qcGciLCJzbGlkZXNob3ciOiJmNDcyNGZhIn0%3D\" href='https:\/\/roberttraczyk.art\/wp-content\/uploads\/2024\/03\/057A7960_b_fot.barth_jaskiewicz_fot.Barth_Jaskiewicz.jpg'><img loading=\"lazy\" decoding=\"async\" width=\"150\" height=\"150\" src=\"https:\/\/roberttraczyk.art\/wp-content\/uploads\/2024\/03\/057A7960_b_fot.barth_jaskiewicz_fot.Barth_Jaskiewicz-150x150.jpg\" class=\"attachment-thumbnail size-thumbnail\" alt=\"\" sizes=\"(min-width: 960px) 75vw, 100vw\" \/><\/a>\n\t\t\t<\/div><\/figure><figure class='gallery-item'>\n\t\t\t<div class='gallery-icon portrait'>\n\t\t\t\t<a data-elementor-open-lightbox=\"yes\" data-elementor-lightbox-slideshow=\"f4724fa\" data-elementor-lightbox-title=\"057A8083_fot.barth_jaskiewicz_fot.Barth_Jaskiewicz\" data-e-action-hash=\"#elementor-action%3Aaction%3Dlightbox%26settings%3DeyJpZCI6MTQ0NCwidXJsIjoiaHR0cHM6XC9cL3JvYmVydHRyYWN6eWsuYXJ0XC93cC1jb250ZW50XC91cGxvYWRzXC8yMDI0XC8wM1wvMDU3QTgwODNfZm90LmJhcnRoX2phc2tpZXdpY3pfZm90LkJhcnRoX0phc2tpZXdpY3ouanBnIiwic2xpZGVzaG93IjoiZjQ3MjRmYSJ9\" href='https:\/\/roberttraczyk.art\/wp-content\/uploads\/2024\/03\/057A8083_fot.barth_jaskiewicz_fot.Barth_Jaskiewicz.jpg'><img loading=\"lazy\" decoding=\"async\" width=\"150\" height=\"150\" src=\"https:\/\/roberttraczyk.art\/wp-content\/uploads\/2024\/03\/057A8083_fot.barth_jaskiewicz_fot.Barth_Jaskiewicz-150x150.jpg\" class=\"attachment-thumbnail size-thumbnail\" alt=\"\" srcset=\"https:\/\/roberttraczyk.art\/wp-content\/uploads\/2024\/03\/057A8083_fot.barth_jaskiewicz_fot.Barth_Jaskiewicz-150x150.jpg 150w, https:\/\/roberttraczyk.art\/wp-content\/uploads\/2024\/03\/057A8083_fot.barth_jaskiewicz_fot.Barth_Jaskiewicz-800x800.jpg 800w\" sizes=\"(min-width: 960px) 75vw, 100vw\" \/><\/a>\n\t\t\t<\/div><\/figure><figure class='gallery-item'>\n\t\t\t<div class='gallery-icon landscape'>\n\t\t\t\t<a data-elementor-open-lightbox=\"yes\" data-elementor-lightbox-slideshow=\"f4724fa\" data-elementor-lightbox-title=\"057A8090_fot.barth_jaskiewicz_fot.Barth_Jaskiewicz\" data-e-action-hash=\"#elementor-action%3Aaction%3Dlightbox%26settings%3DeyJpZCI6MTQ0NSwidXJsIjoiaHR0cHM6XC9cL3JvYmVydHRyYWN6eWsuYXJ0XC93cC1jb250ZW50XC91cGxvYWRzXC8yMDI0XC8wM1wvMDU3QTgwOTBfZm90LmJhcnRoX2phc2tpZXdpY3pfZm90LkJhcnRoX0phc2tpZXdpY3ouanBnIiwic2xpZGVzaG93IjoiZjQ3MjRmYSJ9\" href='https:\/\/roberttraczyk.art\/wp-content\/uploads\/2024\/03\/057A8090_fot.barth_jaskiewicz_fot.Barth_Jaskiewicz.jpg'><img loading=\"lazy\" decoding=\"async\" width=\"150\" height=\"150\" src=\"https:\/\/roberttraczyk.art\/wp-content\/uploads\/2024\/03\/057A8090_fot.barth_jaskiewicz_fot.Barth_Jaskiewicz-150x150.jpg\" class=\"attachment-thumbnail size-thumbnail\" alt=\"\" sizes=\"(min-width: 960px) 75vw, 100vw\" \/><\/a>\n\t\t\t<\/div><\/figure>\n\t\t<\/div>\n\t\t<\/div>\n\t\t\t\t\t\t<\/div>\n\t\t\t\t<\/div>\n\t\t\t\t\t<\/div>\n\t\t<\/div>\n\t\t\t\t<div class=\"elementor-column elementor-col-50 elementor-top-column elementor-element elementor-element-6cf187b\" data-id=\"6cf187b\" data-element_type=\"column\" data-e-type=\"column\">\n\t\t\t<div class=\"elementor-widget-wrap elementor-element-populated\">\n\t\t\t\t\t\t<div class=\"elementor-element elementor-element-c147be4 elementor-widget elementor-widget-text-editor\" data-id=\"c147be4\" data-element_type=\"widget\" data-e-type=\"widget\" data-widget_type=\"text-editor.default\">\n\t\t\t\t<div class=\"elementor-widget-container\">\n\t\t\t\t\t\t\t\t\t<div id=\"ez-toc-container\" class=\"ez-toc-v2_0_82_2 counter-hierarchy ez-toc-counter ez-toc-grey ez-toc-container-direction\">\n<div class=\"ez-toc-title-container\">\n<p class=\"ez-toc-title\" style=\"cursor:inherit\">Table of Contents<\/p>\n<span class=\"ez-toc-title-toggle\"><a href=\"#\" class=\"ez-toc-pull-right ez-toc-btn ez-toc-btn-xs ez-toc-btn-default ez-toc-toggle\" aria-label=\"Toggle Table of Content\"><span class=\"ez-toc-js-icon-con\"><span class=\"\"><span class=\"eztoc-hide\" style=\"display:none;\">Toggle<\/span><span class=\"ez-toc-icon-toggle-span\"><svg style=\"fill: #999;color:#999\" xmlns=\"http:\/\/www.w3.org\/2000\/svg\" class=\"list-377408\" width=\"20px\" height=\"20px\" viewbox=\"0 0 24 24\" fill=\"none\"><path d=\"M6 6H4v2h2V6zm14 0H8v2h12V6zM4 11h2v2H4v-2zm16 0H8v2h12v-2zM4 16h2v2H4v-2zm16 0H8v2h12v-2z\" fill=\"currentColor\"><\/path><\/svg><svg style=\"fill: #999;color:#999\" class=\"arrow-unsorted-368013\" xmlns=\"http:\/\/www.w3.org\/2000\/svg\" width=\"10px\" height=\"10px\" viewbox=\"0 0 24 24\" version=\"1.2\" baseprofile=\"tiny\"><path d=\"M18.2 9.3l-6.2-6.3-6.2 6.3c-.2.2-.3.4-.3.7s.1.5.3.7c.2.2.4.3.7.3h11c.3 0 .5-.1.7-.3.2-.2.3-.5.3-.7s-.1-.5-.3-.7zM5.8 14.7l6.2 6.3 6.2-6.3c.2-.2.3-.5.3-.7s-.1-.5-.3-.7c-.2-.2-.4-.3-.7-.3h-11c-.3 0-.5.1-.7.3-.2.2-.3.5-.3.7s.1.5.3.7z\"\/><\/svg><\/span><\/span><\/span><\/a><\/span><\/div>\n<nav><ul class='ez-toc-list ez-toc-list-level-1' ><li class='ez-toc-page-1 ez-toc-heading-level-2'><a class=\"ez-toc-link ez-toc-heading-1\" href=\"https:\/\/roberttraczyk.art\/en\/z-buda-zmieleni\/#Z_BUDA_ZMIELENI\" >WITH THE KENNEL GROUND<\/a><\/li><li class='ez-toc-page-1 ez-toc-heading-level-2'><a class=\"ez-toc-link ez-toc-heading-2\" href=\"https:\/\/roberttraczyk.art\/en\/z-buda-zmieleni\/#i\" >&nbsp;<\/a><\/li><\/ul><\/nav><\/div>\n<h2><span class=\"ez-toc-section\" id=\"Z_BUDA_ZMIELENI\"><\/span><strong>WITH THE KENNEL GROUND<\/strong><span class=\"ez-toc-section-end\"><\/span><\/h2>\n<p><\/p>\n<div class=\"x11i5rnm xat24cr x1mh8g0r x1vvkbs xtlvy1s\">An experimental performative form and at the same time a profound poetic analysis of Piotr Janicki's \"Dog Book\" outlined by Wroclaw slammers and performers. Distorted by their understanding of the world and the function of the individual trapped in it.<\/div>\n<div class=\"x11i5rnm xat24cr x1mh8g0r x1vvkbs xtlvy1s\">\"We have become a group. Community. By choosing a poem close to the inner self and creating ourselves through literary text, performative actions we go through endlessly repeating cycles of day and night.<\/div>\n<div class=\"x11i5rnm xat24cr x1mh8g0r x1vvkbs xtlvy1s\"><p>We thought about you so intensely that you mixed with something else. We lived a quiet life, rode the elevator through the deserted city. We went back to the same places. We learned different words. We dared to return to our childhood. We tasted milk at a dairy farmers' convention. We observed and understood. We saw a lot in life! We wanted to dream and live as long as possible. We couldn't put out the fire inside us. We were chained like dogs to a kennel. \"<\/p>\n<\/div>\n<div class=\"x11i5rnm xat24cr x1mh8g0r x1vvkbs xtlvy1s\">Poetry: Piotr Janicki<br>Dramaturgy: BroCat<br>Music: Der Slapstick Tod&amp;Fotoorganika<br>Directing: Robert Traczyk<br>Fot. Barth Ja\u015bkiewicz<br><\/div>\n<div class=\"x11i5rnm xat24cr x1mh8g0r x1vvkbs xtlvy1s\"><br>Anke Machowski \/ Bartosz Ku\u0142agowski \/ BroCat \/ Gnomm \/ Jasiek Grz\u0105dziela \/ Ziggy Zet<\/div>\n<h2><span class=\"ez-toc-section\" id=\"i\"><\/span><strong>&nbsp;<\/strong><span class=\"ez-toc-section-end\"><\/span><\/h2>\n<div>&nbsp;<\/div>\t\t\t\t\t\t\t\t<\/div>\n\t\t\t\t<\/div>\n\t\t\t\t\t<\/div>\n\t\t<\/div>\n\t\t\t\t\t<\/div>\n\t\t<\/section>\n\t\t\t\t<\/div>","protected":false},"excerpt":{"rendered":"<p>Z BUD\u0104 ZMIELENI Eksperymentalna forma performatywna, a jednocze\u015bnie g\u0142\u0119boka analiza poetycka \u201ePsiej ksi\u0105\u017cki\u201d Piotra Janickiego nakre\u015blona przez wroc\u0142awski slamer\u00f3w i performer\u00f3w. Zniekszta\u0142cona przez ich pojmowanie \u015bwiata oraz funkcji jednostki w nim uwi\u0119zionej. &#8222;Stali\u015bmy si\u0119 grupa. Wsp\u00f3lnot\u0105. Poprzez wyb\u00f3r wiersza bliskiemu wewn\u0119trznemu \u201eja\u201d oraz kreowanie siebie poprzez tekst literacki, dzia\u0142ania performatywne przechodzimy przez niesko\u0144czenie powtarzaj\u0105ce si\u0119 [&hellip;]<\/p>\n","protected":false},"author":1,"featured_media":0,"parent":0,"menu_order":0,"comment_status":"closed","ping_status":"closed","template":"","meta":{"footnotes":""},"class_list":["post-1446","page","type-page","status-publish","hentry"],"_links":{"self":[{"href":"https:\/\/roberttraczyk.art\/en\/wp-json\/wp\/v2\/pages\/1446","targetHints":{"allow":["GET"]}}],"collection":[{"href":"https:\/\/roberttraczyk.art\/en\/wp-json\/wp\/v2\/pages"}],"about":[{"href":"https:\/\/roberttraczyk.art\/en\/wp-json\/wp\/v2\/types\/page"}],"author":[{"embeddable":true,"href":"https:\/\/roberttraczyk.art\/en\/wp-json\/wp\/v2\/users\/1"}],"replies":[{"embeddable":true,"href":"https:\/\/roberttraczyk.art\/en\/wp-json\/wp\/v2\/comments?post=1446"}],"version-history":[{"count":4,"href":"https:\/\/roberttraczyk.art\/en\/wp-json\/wp\/v2\/pages\/1446\/revisions"}],"predecessor-version":[{"id":1450,"href":"https:\/\/roberttraczyk.art\/en\/wp-json\/wp\/v2\/pages\/1446\/revisions\/1450"}],"wp:attachment":[{"href":"https:\/\/roberttraczyk.art\/en\/wp-json\/wp\/v2\/media?parent=1446"}],"curies":[{"name":"wp","href":"https:\/\/api.w.org\/{rel}","templated":true}]}}