{"id":1401,"date":"2024-02-25T10:08:25","date_gmt":"2024-02-25T09:08:25","guid":{"rendered":"https:\/\/roberttraczyk.art\/?page_id=1401"},"modified":"2024-02-25T10:30:13","modified_gmt":"2024-02-25T09:30:13","slug":"stosy-w-tle","status":"publish","type":"page","link":"https:\/\/roberttraczyk.art\/en\/stosy-w-tle\/","title":{"rendered":"STOSY W TLE"},"content":{"rendered":"<div data-elementor-type=\"wp-page\" data-elementor-id=\"1401\" class=\"elementor elementor-1401\">\n\t\t\t\t\t\t<section class=\"elementor-section elementor-top-section elementor-element elementor-element-31250fa elementor-section-boxed elementor-section-height-default elementor-section-height-default\" data-id=\"31250fa\" data-element_type=\"section\" data-e-type=\"section\">\n\t\t\t\t\t\t<div class=\"elementor-container elementor-column-gap-default\">\n\t\t\t\t\t<div class=\"elementor-column elementor-col-50 elementor-top-column elementor-element elementor-element-bdc039c\" data-id=\"bdc039c\" data-element_type=\"column\" data-e-type=\"column\">\n\t\t\t<div class=\"elementor-widget-wrap elementor-element-populated\">\n\t\t\t\t\t\t<div class=\"elementor-element elementor-element-514a872 elementor-widget elementor-widget-image-gallery\" data-id=\"514a872\" data-element_type=\"widget\" data-e-type=\"widget\" data-widget_type=\"image-gallery.default\">\n\t\t\t\t<div class=\"elementor-widget-container\">\n\t\t\t\t\t\t\t<div class=\"elementor-image-gallery\">\n\t\t\t<div id='gallery-1' class='gallery galleryid-1401 gallery-columns-4 gallery-size-thumbnail'><figure class='gallery-item'>\n\t\t\t<div class='gallery-icon portrait'>\n\t\t\t\t<a data-elementor-open-lightbox=\"yes\" data-elementor-lightbox-slideshow=\"514a872\" data-elementor-lightbox-title=\"_zzzzDSC0748\" data-e-action-hash=\"#elementor-action%3Aaction%3Dlightbox%26settings%3DeyJpZCI6MTM5NiwidXJsIjoiaHR0cHM6XC9cL3JvYmVydHRyYWN6eWsuYXJ0XC93cC1jb250ZW50XC91cGxvYWRzXC8yMDI0XC8wMlwvenp6ekRTQzA3NDguanBnIiwic2xpZGVzaG93IjoiNTE0YTg3MiJ9\" href='https:\/\/roberttraczyk.art\/wp-content\/uploads\/2024\/02\/zzzzDSC0748.jpg'><img decoding=\"async\" width=\"150\" height=\"150\" src=\"https:\/\/roberttraczyk.art\/wp-content\/uploads\/2024\/02\/zzzzDSC0748-150x150.jpg\" class=\"attachment-thumbnail size-thumbnail\" alt=\"\" srcset=\"https:\/\/roberttraczyk.art\/wp-content\/uploads\/2024\/02\/zzzzDSC0748-150x150.jpg 150w, https:\/\/roberttraczyk.art\/wp-content\/uploads\/2024\/02\/zzzzDSC0748-800x800.jpg 800w\" sizes=\"(min-width: 960px) 75vw, 100vw\" \/><\/a>\n\t\t\t<\/div><\/figure><figure class='gallery-item'>\n\t\t\t<div class='gallery-icon landscape'>\n\t\t\t\t<a data-elementor-open-lightbox=\"yes\" data-elementor-lightbox-slideshow=\"514a872\" data-elementor-lightbox-title=\"_DSC7299-Poprawione-Szum-21\" data-e-action-hash=\"#elementor-action%3Aaction%3Dlightbox%26settings%3DeyJpZCI6MTM5NCwidXJsIjoiaHR0cHM6XC9cL3JvYmVydHRyYWN6eWsuYXJ0XC93cC1jb250ZW50XC91cGxvYWRzXC8yMDI0XC8wMlwvRFNDNzI5OS1Qb3ByYXdpb25lLVN6dW0tMjEuanBnIiwic2xpZGVzaG93IjoiNTE0YTg3MiJ9\" href='https:\/\/roberttraczyk.art\/wp-content\/uploads\/2024\/02\/DSC7299-Poprawione-Szum-21.jpg'><img decoding=\"async\" width=\"150\" height=\"150\" src=\"https:\/\/roberttraczyk.art\/wp-content\/uploads\/2024\/02\/DSC7299-Poprawione-Szum-21-150x150.jpg\" class=\"attachment-thumbnail size-thumbnail\" alt=\"\" sizes=\"(min-width: 960px) 75vw, 100vw\" \/><\/a>\n\t\t\t<\/div><\/figure><figure class='gallery-item'>\n\t\t\t<div class='gallery-icon portrait'>\n\t\t\t\t<a data-elementor-open-lightbox=\"yes\" data-elementor-lightbox-slideshow=\"514a872\" data-elementor-lightbox-title=\"_DSC7181-4\" data-e-action-hash=\"#elementor-action%3Aaction%3Dlightbox%26settings%3DeyJpZCI6MTM5MSwidXJsIjoiaHR0cHM6XC9cL3JvYmVydHRyYWN6eWsuYXJ0XC93cC1jb250ZW50XC91cGxvYWRzXC8yMDI0XC8wMlwvRFNDNzE4MS00LmpwZyIsInNsaWRlc2hvdyI6IjUxNGE4NzIifQ%3D%3D\" href='https:\/\/roberttraczyk.art\/wp-content\/uploads\/2024\/02\/DSC7181-4.jpg'><img decoding=\"async\" width=\"150\" height=\"150\" src=\"https:\/\/roberttraczyk.art\/wp-content\/uploads\/2024\/02\/DSC7181-4-150x150.jpg\" class=\"attachment-thumbnail size-thumbnail\" alt=\"\" sizes=\"(min-width: 960px) 75vw, 100vw\" \/><\/a>\n\t\t\t<\/div><\/figure><figure class='gallery-item'>\n\t\t\t<div class='gallery-icon portrait'>\n\t\t\t\t<a data-elementor-open-lightbox=\"yes\" data-elementor-lightbox-slideshow=\"514a872\" data-elementor-lightbox-title=\"_DSC7197-Poprawione-Szum-9\" data-e-action-hash=\"#elementor-action%3Aaction%3Dlightbox%26settings%3DeyJpZCI6MTM5MiwidXJsIjoiaHR0cHM6XC9cL3JvYmVydHRyYWN6eWsuYXJ0XC93cC1jb250ZW50XC91cGxvYWRzXC8yMDI0XC8wMlwvRFNDNzE5Ny1Qb3ByYXdpb25lLVN6dW0tOS5qcGciLCJzbGlkZXNob3ciOiI1MTRhODcyIn0%3D\" href='https:\/\/roberttraczyk.art\/wp-content\/uploads\/2024\/02\/DSC7197-Poprawione-Szum-9.jpg'><img loading=\"lazy\" decoding=\"async\" width=\"150\" height=\"150\" src=\"https:\/\/roberttraczyk.art\/wp-content\/uploads\/2024\/02\/DSC7197-Poprawione-Szum-9-150x150.jpg\" class=\"attachment-thumbnail size-thumbnail\" alt=\"\" sizes=\"(min-width: 960px) 75vw, 100vw\" \/><\/a>\n\t\t\t<\/div><\/figure><figure class='gallery-item'>\n\t\t\t<div class='gallery-icon landscape'>\n\t\t\t\t<a data-elementor-open-lightbox=\"yes\" data-elementor-lightbox-slideshow=\"514a872\" data-elementor-lightbox-title=\"_zzzzzDSC0871\" data-e-action-hash=\"#elementor-action%3Aaction%3Dlightbox%26settings%3DeyJpZCI6MTM5NywidXJsIjoiaHR0cHM6XC9cL3JvYmVydHRyYWN6eWsuYXJ0XC93cC1jb250ZW50XC91cGxvYWRzXC8yMDI0XC8wMlwvenp6enpEU0MwODcxLmpwZyIsInNsaWRlc2hvdyI6IjUxNGE4NzIifQ%3D%3D\" href='https:\/\/roberttraczyk.art\/wp-content\/uploads\/2024\/02\/zzzzzDSC0871.jpg'><img loading=\"lazy\" decoding=\"async\" width=\"150\" height=\"150\" src=\"https:\/\/roberttraczyk.art\/wp-content\/uploads\/2024\/02\/zzzzzDSC0871-150x150.jpg\" class=\"attachment-thumbnail size-thumbnail\" alt=\"\" srcset=\"https:\/\/roberttraczyk.art\/wp-content\/uploads\/2024\/02\/zzzzzDSC0871-150x150.jpg 150w, https:\/\/roberttraczyk.art\/wp-content\/uploads\/2024\/02\/zzzzzDSC0871-800x800.jpg 800w\" sizes=\"(min-width: 960px) 75vw, 100vw\" \/><\/a>\n\t\t\t<\/div><\/figure><figure class='gallery-item'>\n\t\t\t<div class='gallery-icon landscape'>\n\t\t\t\t<a data-elementor-open-lightbox=\"yes\" data-elementor-lightbox-slideshow=\"514a872\" data-elementor-lightbox-title=\"_DSC7358-Poprawione-Szum-27\" data-e-action-hash=\"#elementor-action%3Aaction%3Dlightbox%26settings%3DeyJpZCI6MTM5OCwidXJsIjoiaHR0cHM6XC9cL3JvYmVydHRyYWN6eWsuYXJ0XC93cC1jb250ZW50XC91cGxvYWRzXC8yMDI0XC8wMlwvRFNDNzM1OC1Qb3ByYXdpb25lLVN6dW0tMjcuanBnIiwic2xpZGVzaG93IjoiNTE0YTg3MiJ9\" href='https:\/\/roberttraczyk.art\/wp-content\/uploads\/2024\/02\/DSC7358-Poprawione-Szum-27.jpg'><img loading=\"lazy\" decoding=\"async\" width=\"150\" height=\"150\" src=\"https:\/\/roberttraczyk.art\/wp-content\/uploads\/2024\/02\/DSC7358-Poprawione-Szum-27-150x150.jpg\" class=\"attachment-thumbnail size-thumbnail\" alt=\"\" srcset=\"https:\/\/roberttraczyk.art\/wp-content\/uploads\/2024\/02\/DSC7358-Poprawione-Szum-27-150x150.jpg 150w, https:\/\/roberttraczyk.art\/wp-content\/uploads\/2024\/02\/DSC7358-Poprawione-Szum-27-800x800.jpg 800w\" sizes=\"(min-width: 960px) 75vw, 100vw\" \/><\/a>\n\t\t\t<\/div><\/figure><figure class='gallery-item'>\n\t\t\t<div class='gallery-icon portrait'>\n\t\t\t\t<a data-elementor-open-lightbox=\"yes\" data-elementor-lightbox-slideshow=\"514a872\" data-elementor-lightbox-title=\"_DSC7378-Poprawione-Szum-28\" data-e-action-hash=\"#elementor-action%3Aaction%3Dlightbox%26settings%3DeyJpZCI6MTM5OSwidXJsIjoiaHR0cHM6XC9cL3JvYmVydHRyYWN6eWsuYXJ0XC93cC1jb250ZW50XC91cGxvYWRzXC8yMDI0XC8wMlwvRFNDNzM3OC1Qb3ByYXdpb25lLVN6dW0tMjguanBnIiwic2xpZGVzaG93IjoiNTE0YTg3MiJ9\" href='https:\/\/roberttraczyk.art\/wp-content\/uploads\/2024\/02\/DSC7378-Poprawione-Szum-28.jpg'><img loading=\"lazy\" decoding=\"async\" width=\"150\" height=\"150\" src=\"https:\/\/roberttraczyk.art\/wp-content\/uploads\/2024\/02\/DSC7378-Poprawione-Szum-28-150x150.jpg\" class=\"attachment-thumbnail size-thumbnail\" alt=\"\" srcset=\"https:\/\/roberttraczyk.art\/wp-content\/uploads\/2024\/02\/DSC7378-Poprawione-Szum-28-150x150.jpg 150w, https:\/\/roberttraczyk.art\/wp-content\/uploads\/2024\/02\/DSC7378-Poprawione-Szum-28-800x800.jpg 800w\" sizes=\"(min-width: 960px) 75vw, 100vw\" \/><\/a>\n\t\t\t<\/div><\/figure><figure class='gallery-item'>\n\t\t\t<div class='gallery-icon landscape'>\n\t\t\t\t<a data-elementor-open-lightbox=\"yes\" data-elementor-lightbox-slideshow=\"514a872\" data-elementor-lightbox-title=\"_DSC7386-Poprawione-Szum-29\" data-e-action-hash=\"#elementor-action%3Aaction%3Dlightbox%26settings%3DeyJpZCI6MTQwMCwidXJsIjoiaHR0cHM6XC9cL3JvYmVydHRyYWN6eWsuYXJ0XC93cC1jb250ZW50XC91cGxvYWRzXC8yMDI0XC8wMlwvRFNDNzM4Ni1Qb3ByYXdpb25lLVN6dW0tMjkuanBnIiwic2xpZGVzaG93IjoiNTE0YTg3MiJ9\" href='https:\/\/roberttraczyk.art\/wp-content\/uploads\/2024\/02\/DSC7386-Poprawione-Szum-29.jpg'><img loading=\"lazy\" decoding=\"async\" width=\"150\" height=\"150\" src=\"https:\/\/roberttraczyk.art\/wp-content\/uploads\/2024\/02\/DSC7386-Poprawione-Szum-29-150x150.jpg\" class=\"attachment-thumbnail size-thumbnail\" alt=\"\" srcset=\"https:\/\/roberttraczyk.art\/wp-content\/uploads\/2024\/02\/DSC7386-Poprawione-Szum-29-150x150.jpg 150w, https:\/\/roberttraczyk.art\/wp-content\/uploads\/2024\/02\/DSC7386-Poprawione-Szum-29-800x800.jpg 800w\" sizes=\"(min-width: 960px) 75vw, 100vw\" \/><\/a>\n\t\t\t<\/div><\/figure><figure class='gallery-item'>\n\t\t\t<div class='gallery-icon portrait'>\n\t\t\t\t<a data-elementor-open-lightbox=\"yes\" data-elementor-lightbox-slideshow=\"514a872\" data-elementor-lightbox-title=\"_DSC7310-Poprawione-Szum-24\" data-e-action-hash=\"#elementor-action%3Aaction%3Dlightbox%26settings%3DeyJpZCI6MTM5NSwidXJsIjoiaHR0cHM6XC9cL3JvYmVydHRyYWN6eWsuYXJ0XC93cC1jb250ZW50XC91cGxvYWRzXC8yMDI0XC8wMlwvRFNDNzMxMC1Qb3ByYXdpb25lLVN6dW0tMjQuanBnIiwic2xpZGVzaG93IjoiNTE0YTg3MiJ9\" href='https:\/\/roberttraczyk.art\/wp-content\/uploads\/2024\/02\/DSC7310-Poprawione-Szum-24.jpg'><img loading=\"lazy\" decoding=\"async\" width=\"150\" height=\"150\" src=\"https:\/\/roberttraczyk.art\/wp-content\/uploads\/2024\/02\/DSC7310-Poprawione-Szum-24-150x150.jpg\" class=\"attachment-thumbnail size-thumbnail\" alt=\"\" sizes=\"(min-width: 960px) 75vw, 100vw\" \/><\/a>\n\t\t\t<\/div><\/figure><figure class='gallery-item'>\n\t\t\t<div class='gallery-icon landscape'>\n\t\t\t\t<a data-elementor-open-lightbox=\"yes\" data-elementor-lightbox-slideshow=\"514a872\" data-elementor-lightbox-title=\"_DSC7291-Poprawione-Szum-20\" data-e-action-hash=\"#elementor-action%3Aaction%3Dlightbox%26settings%3DeyJpZCI6MTM5MywidXJsIjoiaHR0cHM6XC9cL3JvYmVydHRyYWN6eWsuYXJ0XC93cC1jb250ZW50XC91cGxvYWRzXC8yMDI0XC8wMlwvRFNDNzI5MS1Qb3ByYXdpb25lLVN6dW0tMjAuanBnIiwic2xpZGVzaG93IjoiNTE0YTg3MiJ9\" href='https:\/\/roberttraczyk.art\/wp-content\/uploads\/2024\/02\/DSC7291-Poprawione-Szum-20.jpg'><img loading=\"lazy\" decoding=\"async\" width=\"150\" height=\"150\" src=\"https:\/\/roberttraczyk.art\/wp-content\/uploads\/2024\/02\/DSC7291-Poprawione-Szum-20-150x150.jpg\" class=\"attachment-thumbnail size-thumbnail\" alt=\"\" sizes=\"(min-width: 960px) 75vw, 100vw\" \/><\/a>\n\t\t\t<\/div><\/figure><figure class='gallery-item'>\n\t\t\t<div class='gallery-icon landscape'>\n\t\t\t\t<a data-elementor-open-lightbox=\"yes\" data-elementor-lightbox-slideshow=\"514a872\" data-elementor-lightbox-title=\"_DSC7307-22\" data-e-action-hash=\"#elementor-action%3Aaction%3Dlightbox%26settings%3DeyJpZCI6MTQyNiwidXJsIjoiaHR0cHM6XC9cL3JvYmVydHRyYWN6eWsuYXJ0XC93cC1jb250ZW50XC91cGxvYWRzXC8yMDI0XC8wMlwvRFNDNzMwNy0yMi5qcGciLCJzbGlkZXNob3ciOiI1MTRhODcyIn0%3D\" href='https:\/\/roberttraczyk.art\/wp-content\/uploads\/2024\/02\/DSC7307-22.jpg'><img loading=\"lazy\" decoding=\"async\" width=\"150\" height=\"150\" src=\"https:\/\/roberttraczyk.art\/wp-content\/uploads\/2024\/02\/DSC7307-22-150x150.jpg\" class=\"attachment-thumbnail size-thumbnail\" alt=\"\" srcset=\"https:\/\/roberttraczyk.art\/wp-content\/uploads\/2024\/02\/DSC7307-22-150x150.jpg 150w, https:\/\/roberttraczyk.art\/wp-content\/uploads\/2024\/02\/DSC7307-22-800x800.jpg 800w\" sizes=\"(min-width: 960px) 75vw, 100vw\" \/><\/a>\n\t\t\t<\/div><\/figure><figure class='gallery-item'>\n\t\t\t<div class='gallery-icon landscape'>\n\t\t\t\t<a data-elementor-open-lightbox=\"yes\" data-elementor-lightbox-slideshow=\"514a872\" data-elementor-lightbox-title=\"_DSC7251-Poprawione-Szum-16\" data-e-action-hash=\"#elementor-action%3Aaction%3Dlightbox%26settings%3DeyJpZCI6MTQyNSwidXJsIjoiaHR0cHM6XC9cL3JvYmVydHRyYWN6eWsuYXJ0XC93cC1jb250ZW50XC91cGxvYWRzXC8yMDI0XC8wMlwvRFNDNzI1MS1Qb3ByYXdpb25lLVN6dW0tMTYuanBnIiwic2xpZGVzaG93IjoiNTE0YTg3MiJ9\" href='https:\/\/roberttraczyk.art\/wp-content\/uploads\/2024\/02\/DSC7251-Poprawione-Szum-16.jpg'><img loading=\"lazy\" decoding=\"async\" width=\"150\" height=\"150\" src=\"https:\/\/roberttraczyk.art\/wp-content\/uploads\/2024\/02\/DSC7251-Poprawione-Szum-16-150x150.jpg\" class=\"attachment-thumbnail size-thumbnail\" alt=\"\" srcset=\"https:\/\/roberttraczyk.art\/wp-content\/uploads\/2024\/02\/DSC7251-Poprawione-Szum-16-150x150.jpg 150w, https:\/\/roberttraczyk.art\/wp-content\/uploads\/2024\/02\/DSC7251-Poprawione-Szum-16-800x800.jpg 800w\" sizes=\"(min-width: 960px) 75vw, 100vw\" \/><\/a>\n\t\t\t<\/div><\/figure><figure class='gallery-item'>\n\t\t\t<div class='gallery-icon landscape'>\n\t\t\t\t<a data-elementor-open-lightbox=\"yes\" data-elementor-lightbox-slideshow=\"514a872\" data-elementor-lightbox-title=\"MK2_5053\" data-e-action-hash=\"#elementor-action%3Aaction%3Dlightbox%26settings%3DeyJpZCI6MTQyNCwidXJsIjoiaHR0cHM6XC9cL3JvYmVydHRyYWN6eWsuYXJ0XC93cC1jb250ZW50XC91cGxvYWRzXC8yMDI0XC8wMlwvTUsyXzUwNTMtc2NhbGVkLmpwZyIsInNsaWRlc2hvdyI6IjUxNGE4NzIifQ%3D%3D\" href='https:\/\/roberttraczyk.art\/wp-content\/uploads\/2024\/02\/MK2_5053-scaled.jpg'><img loading=\"lazy\" decoding=\"async\" width=\"150\" height=\"150\" src=\"https:\/\/roberttraczyk.art\/wp-content\/uploads\/2024\/02\/MK2_5053-150x150.jpg\" class=\"attachment-thumbnail size-thumbnail\" alt=\"\" srcset=\"https:\/\/roberttraczyk.art\/wp-content\/uploads\/2024\/02\/MK2_5053-150x150.jpg 150w, https:\/\/roberttraczyk.art\/wp-content\/uploads\/2024\/02\/MK2_5053-800x800.jpg 800w\" sizes=\"(min-width: 960px) 75vw, 100vw\" \/><\/a>\n\t\t\t<\/div><\/figure><figure class='gallery-item'>\n\t\t\t<div class='gallery-icon landscape'>\n\t\t\t\t<a data-elementor-open-lightbox=\"yes\" data-elementor-lightbox-slideshow=\"514a872\" data-elementor-lightbox-title=\"MK2_5042\" data-e-action-hash=\"#elementor-action%3Aaction%3Dlightbox%26settings%3DeyJpZCI6MTQyMywidXJsIjoiaHR0cHM6XC9cL3JvYmVydHRyYWN6eWsuYXJ0XC93cC1jb250ZW50XC91cGxvYWRzXC8yMDI0XC8wMlwvTUsyXzUwNDItc2NhbGVkLmpwZyIsInNsaWRlc2hvdyI6IjUxNGE4NzIifQ%3D%3D\" href='https:\/\/roberttraczyk.art\/wp-content\/uploads\/2024\/02\/MK2_5042-scaled.jpg'><img loading=\"lazy\" decoding=\"async\" width=\"150\" height=\"150\" src=\"https:\/\/roberttraczyk.art\/wp-content\/uploads\/2024\/02\/MK2_5042-150x150.jpg\" class=\"attachment-thumbnail size-thumbnail\" alt=\"\" srcset=\"https:\/\/roberttraczyk.art\/wp-content\/uploads\/2024\/02\/MK2_5042-150x150.jpg 150w, https:\/\/roberttraczyk.art\/wp-content\/uploads\/2024\/02\/MK2_5042-800x800.jpg 800w\" sizes=\"(min-width: 960px) 75vw, 100vw\" \/><\/a>\n\t\t\t<\/div><\/figure><figure class='gallery-item'>\n\t\t\t<div class='gallery-icon landscape'>\n\t\t\t\t<a data-elementor-open-lightbox=\"yes\" data-elementor-lightbox-slideshow=\"514a872\" data-elementor-lightbox-title=\"MK2_5030\" data-e-action-hash=\"#elementor-action%3Aaction%3Dlightbox%26settings%3DeyJpZCI6MTQyMiwidXJsIjoiaHR0cHM6XC9cL3JvYmVydHRyYWN6eWsuYXJ0XC93cC1jb250ZW50XC91cGxvYWRzXC8yMDI0XC8wMlwvTUsyXzUwMzAtc2NhbGVkLmpwZyIsInNsaWRlc2hvdyI6IjUxNGE4NzIifQ%3D%3D\" href='https:\/\/roberttraczyk.art\/wp-content\/uploads\/2024\/02\/MK2_5030-scaled.jpg'><img loading=\"lazy\" decoding=\"async\" width=\"150\" height=\"150\" src=\"https:\/\/roberttraczyk.art\/wp-content\/uploads\/2024\/02\/MK2_5030-150x150.jpg\" class=\"attachment-thumbnail size-thumbnail\" alt=\"\" srcset=\"https:\/\/roberttraczyk.art\/wp-content\/uploads\/2024\/02\/MK2_5030-150x150.jpg 150w, https:\/\/roberttraczyk.art\/wp-content\/uploads\/2024\/02\/MK2_5030-800x800.jpg 800w\" sizes=\"(min-width: 960px) 75vw, 100vw\" \/><\/a>\n\t\t\t<\/div><\/figure>\n\t\t<\/div>\n\t\t<\/div>\n\t\t\t\t\t\t<\/div>\n\t\t\t\t<\/div>\n\t\t\t\t\t<\/div>\n\t\t<\/div>\n\t\t\t\t<div class=\"elementor-column elementor-col-50 elementor-top-column elementor-element elementor-element-92ee343\" data-id=\"92ee343\" data-element_type=\"column\" data-e-type=\"column\">\n\t\t\t<div class=\"elementor-widget-wrap elementor-element-populated\">\n\t\t\t\t\t\t<div class=\"elementor-element elementor-element-0e48853 elementor-widget elementor-widget-text-editor\" data-id=\"0e48853\" data-element_type=\"widget\" data-e-type=\"widget\" data-widget_type=\"text-editor.default\">\n\t\t\t\t<div class=\"elementor-widget-container\">\n\t\t\t\t\t\t\t\t\t<p><strong>STOSY W TLE<\/strong><\/p>\n<p><\/p>\n<p>Przygotujmy si\u0119 na niezapomniane wra\u017cenia! W ciemno\u015bci krypty poczujemy zapachy, kt\u00f3re zabior\u0105 nas w mistycyzm epoki husyckiej (pocz\u0105tek XV wieku), a d\u017awi\u0119ki muzyki na \u017cywo wprowadz\u0105 w wyj\u0105tkowy nastr\u00f3j. Dotyk kamiennej posadzki pod stopami przypomni, \u017ce jeste\u015bmy w prawdziwej krypcie, gdzie mo\u017cna w\u0119drujemy po \u015bladach historii.<\/p>\n<p>Fragment \u201eTrylogii Husyckiej\u201d Andrzeja Sapkowskiego, kt\u00f3ry zostanie zaprezentowany, odbywa si\u0119 niemal dok\u0142adnie w tym miejscu, w kt\u00f3rym b\u0119dziemy si\u0119 znajdowa\u0107 podczas Nocy Muze\u00f3w, a dzi\u0119ki \u015brodkom w\u0142a\u015bciwym dla czytania sensorycznego zanurzymy si\u0119 w opowie\u015b\u0107 jeszcze g\u0142\u0119biej, poczujemy emocje bohater\u00f3w i prze\u017cyjemy ich przygody tak, jakby\u015bmy byli cz\u0119\u015bci\u0105 historii.<\/p>\n<p><\/p>\n<p style=\"font-variant: normal; letter-spacing: normal; font-style: normal; font-weight: normal; orphans: 2; widows: 2; margin-bottom: 0cm; background: transparent\">\n<font face=\"Calibri, sans-serif\"><font size=\"2\" style=\"font-size: 10pt\"><span style=\"background: transparent\">Grzegorz Hejncze, inquisitor a Sede Apostolica specialiter deputatus na<br>diecezj\u0119 wroc\u0142awsk\u0105, d\u0142ugo rozwa\u017ca\u0142, i\u015b\u0107 na egzekucj\u0119 czy<br>te\u017c nie. D\u0142ugo rozwa\u017ca\u0142 za i przeciw. \u201ePrzeciw\u201d by\u0142o<br>zdecydowanie wi\u0119cej \u2013 cho\u0107by tylko fakt, \u017ce egzekucja by\u0142a<br>wynikiem dzia\u0142ania inkwizycji biskupiej, a wi\u0119c konkurencyjnej.<br>Argument \u201eza\u201d by\u0142 w zasadzie tylko jeden: by\u0142o blisko. Uznanych<br>za winnych herezji i sprzyjania husytom miano pali\u0107 tam, gdzie<br>zawsze na placu za ko\u015bcio\u0142em \u015awi\u0119tego Wojciecha,&#8221;<\/span><\/font><\/font>\n<\/p>\n<p><style type=\"text\/css\">p { color: #000000; orphans: 0; widows: 0; margin-bottom: 0.21cm; direction: ltr; background: transparent }p.western { font-family: \"Times New Roman\", serif; font-size: 12pt; so-language: pl-PL }p.cjk { font-family: \"SimSun\"; font-size: 12pt; so-language: zh-CN }p.ctl { font-family: \"Lucida Sans\", sans-serif; font-size: 12pt; so-language: hi-IN }<\/style>\n<\/p>\n<p><br>Na podstawie fragment\u00f3w &#8222;Trylogii Husyckiej&#8221; Andrzeja Sapkowskiego.<br><br>Directed by: Robert Traczyk<br>Set design: Jan G\u0142\u0105b<br>Muzyka: Szymon Kempi\u0144ski<br>Asystentka scenografa: Emilia Paszkiewicz<br><br>Obsada: Jakub Sendek, Micha\u0142 Szafra\u0144ski.<br>Zesp\u00f3\u0142 muzyczny: Olgierd \u017bemojtel, Julianna Jurkiewicz, Jakub Huk. <br><br>Koordynacja: Katarzyna Burda, \u0141ukasz \u0141askawiec. <br>kierownictwo produkcji: Kamila Cichy.<br>Obs\u0142uga techniczna: Mateusz Machniak<br><br>Biuro Promocji Miasta Wroc\u0142awia<br>Dominikanie we Wroc\u0142awiu<br>AST we Wroc\u0142awiu<br>ASP Wroc\u0142aw<br>AM we Wroc\u0142awiu<br><\/p>\t\t\t\t\t\t\t\t<\/div>\n\t\t\t\t<\/div>\n\t\t\t\t\t<\/div>\n\t\t<\/div>\n\t\t\t\t\t<\/div>\n\t\t<\/section>\n\t\t\t\t<\/div>","protected":false},"excerpt":{"rendered":"<p>STOSY W TLE Przygotujmy si\u0119 na niezapomniane wra\u017cenia! W ciemno\u015bci krypty poczujemy zapachy, kt\u00f3re zabior\u0105 nas w mistycyzm epoki husyckiej (pocz\u0105tek XV wieku), a d\u017awi\u0119ki muzyki na \u017cywo wprowadz\u0105 w wyj\u0105tkowy nastr\u00f3j. Dotyk kamiennej posadzki pod stopami przypomni, \u017ce jeste\u015bmy w prawdziwej krypcie, gdzie mo\u017cna w\u0119drujemy po \u015bladach historii. Fragment \u201eTrylogii Husyckiej\u201d Andrzeja Sapkowskiego, kt\u00f3ry [&hellip;]<\/p>\n","protected":false},"author":1,"featured_media":0,"parent":0,"menu_order":0,"comment_status":"closed","ping_status":"closed","template":"","meta":{"footnotes":""},"class_list":["post-1401","page","type-page","status-publish","hentry"],"_links":{"self":[{"href":"https:\/\/roberttraczyk.art\/en\/wp-json\/wp\/v2\/pages\/1401","targetHints":{"allow":["GET"]}}],"collection":[{"href":"https:\/\/roberttraczyk.art\/en\/wp-json\/wp\/v2\/pages"}],"about":[{"href":"https:\/\/roberttraczyk.art\/en\/wp-json\/wp\/v2\/types\/page"}],"author":[{"embeddable":true,"href":"https:\/\/roberttraczyk.art\/en\/wp-json\/wp\/v2\/users\/1"}],"replies":[{"embeddable":true,"href":"https:\/\/roberttraczyk.art\/en\/wp-json\/wp\/v2\/comments?post=1401"}],"version-history":[{"count":15,"href":"https:\/\/roberttraczyk.art\/en\/wp-json\/wp\/v2\/pages\/1401\/revisions"}],"predecessor-version":[{"id":1429,"href":"https:\/\/roberttraczyk.art\/en\/wp-json\/wp\/v2\/pages\/1401\/revisions\/1429"}],"wp:attachment":[{"href":"https:\/\/roberttraczyk.art\/en\/wp-json\/wp\/v2\/media?parent=1401"}],"curies":[{"name":"wp","href":"https:\/\/api.w.org\/{rel}","templated":true}]}}