{"id":1275,"date":"2023-12-30T18:10:48","date_gmt":"2023-12-30T17:10:48","guid":{"rendered":"https:\/\/roberttraczyk.art\/?page_id=1275"},"modified":"2023-12-30T19:33:52","modified_gmt":"2023-12-30T18:33:52","slug":"eksploracje-sztucznej-duszy","status":"publish","type":"page","link":"https:\/\/roberttraczyk.art\/en\/eksploracje-sztucznej-duszy\/","title":{"rendered":"EKSPLORACJE SZTUCZNEJ DUSZY"},"content":{"rendered":"<div data-elementor-type=\"wp-page\" data-elementor-id=\"1275\" class=\"elementor elementor-1275\">\n\t\t\t\t\t\t<section class=\"elementor-section elementor-top-section elementor-element elementor-element-14493aa elementor-section-boxed elementor-section-height-default elementor-section-height-default\" data-id=\"14493aa\" data-element_type=\"section\" data-e-type=\"section\">\n\t\t\t\t\t\t<div class=\"elementor-container elementor-column-gap-default\">\n\t\t\t\t\t<div class=\"elementor-column elementor-col-50 elementor-top-column elementor-element elementor-element-0a4f100\" data-id=\"0a4f100\" data-element_type=\"column\" data-e-type=\"column\">\n\t\t\t<div class=\"elementor-widget-wrap elementor-element-populated\">\n\t\t\t\t\t\t<div class=\"elementor-element elementor-element-259ce8f elementor-widget elementor-widget-image-gallery\" data-id=\"259ce8f\" data-element_type=\"widget\" data-e-type=\"widget\" data-widget_type=\"image-gallery.default\">\n\t\t\t\t<div class=\"elementor-widget-container\">\n\t\t\t\t\t\t\t<div class=\"elementor-image-gallery\">\n\t\t\t<div id='gallery-1' class='gallery galleryid-1275 gallery-columns-4 gallery-size-thumbnail'><figure class='gallery-item'>\n\t\t\t<div class='gallery-icon landscape'>\n\t\t\t\t<a data-elementor-open-lightbox=\"yes\" data-elementor-lightbox-slideshow=\"259ce8f\" data-e-action-hash=\"#elementor-action%3Aaction%3Dlightbox%26settings%3DeyJpZCI6MTI3NywidXJsIjoiaHR0cHM6XC9cL3JvYmVydHRyYWN6eWsuYXJ0XC93cC1jb250ZW50XC91cGxvYWRzXC8yMDIzXC8xMlwvcGxha2F0LW1pZC1qb3VybmV5LnBuZyIsInNsaWRlc2hvdyI6IjI1OWNlOGYifQ%3D%3D\" href='https:\/\/roberttraczyk.art\/wp-content\/uploads\/2023\/12\/plakat-mid-journey.png'><img decoding=\"async\" width=\"150\" height=\"150\" src=\"https:\/\/roberttraczyk.art\/wp-content\/themes\/arrival\/assets\/images\/placeholder.svg\" class=\"attachment-thumbnail size-thumbnail lazy\" alt=\"\" data-src=\"https:\/\/roberttraczyk.art\/wp-content\/uploads\/2023\/12\/plakat-mid-journey-150x150.png\" data-srcset=\"https:\/\/roberttraczyk.art\/wp-content\/uploads\/2023\/12\/plakat-mid-journey-150x150.png 150w, https:\/\/roberttraczyk.art\/wp-content\/uploads\/2023\/12\/plakat-mid-journey-300x300.png 300w, https:\/\/roberttraczyk.art\/wp-content\/uploads\/2023\/12\/plakat-mid-journey-768x768.png 768w, https:\/\/roberttraczyk.art\/wp-content\/uploads\/2023\/12\/plakat-mid-journey-12x12.png 12w, https:\/\/roberttraczyk.art\/wp-content\/uploads\/2023\/12\/plakat-mid-journey-800x800.png 800w, https:\/\/roberttraczyk.art\/wp-content\/uploads\/2023\/12\/plakat-mid-journey.png 1024w\" data-sizes=\"(min-width: 960px) 75vw, 100vw\" \/><\/a>\n\t\t\t<\/div><\/figure><figure class='gallery-item'>\n\t\t\t<div class='gallery-icon landscape'>\n\t\t\t\t<a data-elementor-open-lightbox=\"yes\" data-elementor-lightbox-slideshow=\"259ce8f\" data-e-action-hash=\"#elementor-action%3Aaction%3Dlightbox%26settings%3DeyJpZCI6MTI4NywidXJsIjoiaHR0cHM6XC9cL3JvYmVydHRyYWN6eWsuYXJ0XC93cC1jb250ZW50XC91cGxvYWRzXC8yMDIzXC8xMlwvMzU3NDU4MTU1XzM1MTQ2MTU1ODIxOTEzNjFfODkzNzIwMTI1MTUzMzM0Mzg4Nl9uLmpwZyIsInNsaWRlc2hvdyI6IjI1OWNlOGYifQ%3D%3D\" href='https:\/\/roberttraczyk.art\/wp-content\/uploads\/2023\/12\/357458155_3514615582191361_8937201251533343886_n.jpg'><img decoding=\"async\" width=\"150\" height=\"150\" src=\"https:\/\/roberttraczyk.art\/wp-content\/themes\/arrival\/assets\/images\/placeholder.svg\" class=\"attachment-thumbnail size-thumbnail lazy\" alt=\"\" data-src=\"https:\/\/roberttraczyk.art\/wp-content\/uploads\/2023\/12\/357458155_3514615582191361_8937201251533343886_n-150x150.jpg\" data-srcset=\"https:\/\/roberttraczyk.art\/wp-content\/uploads\/2023\/12\/357458155_3514615582191361_8937201251533343886_n-150x150.jpg 150w, https:\/\/roberttraczyk.art\/wp-content\/uploads\/2023\/12\/357458155_3514615582191361_8937201251533343886_n-800x800.jpg 800w\" data-sizes=\"(min-width: 960px) 75vw, 100vw\" \/><\/a>\n\t\t\t<\/div><\/figure><figure class='gallery-item'>\n\t\t\t<div class='gallery-icon landscape'>\n\t\t\t\t<a data-elementor-open-lightbox=\"yes\" data-elementor-lightbox-slideshow=\"259ce8f\" data-e-action-hash=\"#elementor-action%3Aaction%3Dlightbox%26settings%3DeyJpZCI6MTI5MCwidXJsIjoiaHR0cHM6XC9cL3JvYmVydHRyYWN6eWsuYXJ0XC93cC1jb250ZW50XC91cGxvYWRzXC8yMDIzXC8xMlwvMzU3NzA3OTEwXzM1MTQ2MTQ2Nzg4NTgxMThfMjU0MjU1MTY5MjI1NzYyMDg1X24uanBnIiwic2xpZGVzaG93IjoiMjU5Y2U4ZiJ9\" href='https:\/\/roberttraczyk.art\/wp-content\/uploads\/2023\/12\/357707910_3514614678858118_254255169225762085_n.jpg'><img decoding=\"async\" width=\"150\" height=\"150\" src=\"https:\/\/roberttraczyk.art\/wp-content\/themes\/arrival\/assets\/images\/placeholder.svg\" class=\"attachment-thumbnail size-thumbnail lazy\" alt=\"\" data-src=\"https:\/\/roberttraczyk.art\/wp-content\/uploads\/2023\/12\/357707910_3514614678858118_254255169225762085_n-150x150.jpg\" data-srcset=\"https:\/\/roberttraczyk.art\/wp-content\/uploads\/2023\/12\/357707910_3514614678858118_254255169225762085_n-150x150.jpg 150w, https:\/\/roberttraczyk.art\/wp-content\/uploads\/2023\/12\/357707910_3514614678858118_254255169225762085_n-800x800.jpg 800w\" data-sizes=\"(min-width: 960px) 75vw, 100vw\" \/><\/a>\n\t\t\t<\/div><\/figure><figure class='gallery-item'>\n\t\t\t<div class='gallery-icon landscape'>\n\t\t\t\t<a data-elementor-open-lightbox=\"yes\" data-elementor-lightbox-slideshow=\"259ce8f\" data-e-action-hash=\"#elementor-action%3Aaction%3Dlightbox%26settings%3DeyJpZCI6MTI5MSwidXJsIjoiaHR0cHM6XC9cL3JvYmVydHRyYWN6eWsuYXJ0XC93cC1jb250ZW50XC91cGxvYWRzXC8yMDIzXC8xMlwvMzU3NzExMTkyXzM1MTU0NDk2MDIxMDc5NTlfMTU0MzM0Njk1MzE3MTQ3ODc4NF9uLmpwZyIsInNsaWRlc2hvdyI6IjI1OWNlOGYifQ%3D%3D\" href='https:\/\/roberttraczyk.art\/wp-content\/uploads\/2023\/12\/357711192_3515449602107959_1543346953171478784_n.jpg'><img loading=\"lazy\" decoding=\"async\" width=\"150\" height=\"150\" src=\"https:\/\/roberttraczyk.art\/wp-content\/themes\/arrival\/assets\/images\/placeholder.svg\" class=\"attachment-thumbnail size-thumbnail lazy\" alt=\"\" data-src=\"https:\/\/roberttraczyk.art\/wp-content\/uploads\/2023\/12\/357711192_3515449602107959_1543346953171478784_n-150x150.jpg\" data-srcset=\"https:\/\/roberttraczyk.art\/wp-content\/uploads\/2023\/12\/357711192_3515449602107959_1543346953171478784_n-150x150.jpg 150w, https:\/\/roberttraczyk.art\/wp-content\/uploads\/2023\/12\/357711192_3515449602107959_1543346953171478784_n-800x800.jpg 800w\" data-sizes=\"(min-width: 960px) 75vw, 100vw\" \/><\/a>\n\t\t\t<\/div><\/figure><figure class='gallery-item'>\n\t\t\t<div class='gallery-icon landscape'>\n\t\t\t\t<a data-elementor-open-lightbox=\"yes\" data-elementor-lightbox-slideshow=\"259ce8f\" data-e-action-hash=\"#elementor-action%3Aaction%3Dlightbox%26settings%3DeyJpZCI6MTI5MiwidXJsIjoiaHR0cHM6XC9cL3JvYmVydHRyYWN6eWsuYXJ0XC93cC1jb250ZW50XC91cGxvYWRzXC8yMDIzXC8xMlwvMzU4MTIwNzk4XzM1MTQ2MTU2Nzg4NTgwMThfNjMxNTk2NjExNTExNzA2ODAxMV9uLmpwZyIsInNsaWRlc2hvdyI6IjI1OWNlOGYifQ%3D%3D\" href='https:\/\/roberttraczyk.art\/wp-content\/uploads\/2023\/12\/358120798_3514615678858018_6315966115117068011_n.jpg'><img loading=\"lazy\" decoding=\"async\" width=\"150\" height=\"150\" src=\"https:\/\/roberttraczyk.art\/wp-content\/themes\/arrival\/assets\/images\/placeholder.svg\" class=\"attachment-thumbnail size-thumbnail lazy\" alt=\"\" data-src=\"https:\/\/roberttraczyk.art\/wp-content\/uploads\/2023\/12\/358120798_3514615678858018_6315966115117068011_n-150x150.jpg\" data-srcset=\"https:\/\/roberttraczyk.art\/wp-content\/uploads\/2023\/12\/358120798_3514615678858018_6315966115117068011_n-150x150.jpg 150w, https:\/\/roberttraczyk.art\/wp-content\/uploads\/2023\/12\/358120798_3514615678858018_6315966115117068011_n-800x800.jpg 800w\" data-sizes=\"(min-width: 960px) 75vw, 100vw\" \/><\/a>\n\t\t\t<\/div><\/figure><figure class='gallery-item'>\n\t\t\t<div class='gallery-icon landscape'>\n\t\t\t\t<a data-elementor-open-lightbox=\"yes\" data-elementor-lightbox-slideshow=\"259ce8f\" data-e-action-hash=\"#elementor-action%3Aaction%3Dlightbox%26settings%3DeyJpZCI6MTI4OSwidXJsIjoiaHR0cHM6XC9cL3JvYmVydHRyYWN6eWsuYXJ0XC93cC1jb250ZW50XC91cGxvYWRzXC8yMDIzXC8xMlwvMzU3NTM5MzMzXzM1MTQ2MTU1NTU1MjQ2OTdfNzMzNTM1MTA1NjUwNDE4NjQzM19uLmpwZyIsInNsaWRlc2hvdyI6IjI1OWNlOGYifQ%3D%3D\" href='https:\/\/roberttraczyk.art\/wp-content\/uploads\/2023\/12\/357539333_3514615555524697_7335351056504186433_n.jpg'><img loading=\"lazy\" decoding=\"async\" width=\"150\" height=\"150\" src=\"https:\/\/roberttraczyk.art\/wp-content\/themes\/arrival\/assets\/images\/placeholder.svg\" class=\"attachment-thumbnail size-thumbnail lazy\" alt=\"\" data-src=\"https:\/\/roberttraczyk.art\/wp-content\/uploads\/2023\/12\/357539333_3514615555524697_7335351056504186433_n-150x150.jpg\" data-srcset=\"https:\/\/roberttraczyk.art\/wp-content\/uploads\/2023\/12\/357539333_3514615555524697_7335351056504186433_n-150x150.jpg 150w, https:\/\/roberttraczyk.art\/wp-content\/uploads\/2023\/12\/357539333_3514615555524697_7335351056504186433_n-800x800.jpg 800w\" data-sizes=\"(min-width: 960px) 75vw, 100vw\" \/><\/a>\n\t\t\t<\/div><\/figure><figure class='gallery-item'>\n\t\t\t<div class='gallery-icon portrait'>\n\t\t\t\t<a data-elementor-open-lightbox=\"yes\" data-elementor-lightbox-slideshow=\"259ce8f\" data-e-action-hash=\"#elementor-action%3Aaction%3Dlightbox%26settings%3DeyJpZCI6MTI4OCwidXJsIjoiaHR0cHM6XC9cL3JvYmVydHRyYWN6eWsuYXJ0XC93cC1jb250ZW50XC91cGxvYWRzXC8yMDIzXC8xMlwvMzU3NDg5ODExXzM1MTU0NDk1Njg3NzQ2MjlfMjM0NjEwMDk5MTQyNjExNjE3NV9uLmpwZyIsInNsaWRlc2hvdyI6IjI1OWNlOGYifQ%3D%3D\" href='https:\/\/roberttraczyk.art\/wp-content\/uploads\/2023\/12\/357489811_3515449568774629_2346100991426116175_n.jpg'><img loading=\"lazy\" decoding=\"async\" width=\"150\" height=\"150\" src=\"https:\/\/roberttraczyk.art\/wp-content\/themes\/arrival\/assets\/images\/placeholder.svg\" class=\"attachment-thumbnail size-thumbnail lazy\" alt=\"\" data-src=\"https:\/\/roberttraczyk.art\/wp-content\/uploads\/2023\/12\/357489811_3515449568774629_2346100991426116175_n-150x150.jpg\" data-srcset=\"https:\/\/roberttraczyk.art\/wp-content\/uploads\/2023\/12\/357489811_3515449568774629_2346100991426116175_n-150x150.jpg 150w, https:\/\/roberttraczyk.art\/wp-content\/uploads\/2023\/12\/357489811_3515449568774629_2346100991426116175_n-800x800.jpg 800w\" data-sizes=\"(min-width: 960px) 75vw, 100vw\" \/><\/a>\n\t\t\t<\/div><\/figure>\n\t\t<\/div>\n\t\t<\/div>\n\t\t\t\t\t\t<\/div>\n\t\t\t\t<\/div>\n\t\t\t\t\t<\/div>\n\t\t<\/div>\n\t\t\t\t<div class=\"elementor-column elementor-col-50 elementor-top-column elementor-element elementor-element-43bac4f\" data-id=\"43bac4f\" data-element_type=\"column\" data-e-type=\"column\">\n\t\t\t<div class=\"elementor-widget-wrap elementor-element-populated\">\n\t\t\t\t\t\t<div class=\"elementor-element elementor-element-3183e9c elementor-widget__width-initial elementor-widget elementor-widget-text-editor\" data-id=\"3183e9c\" data-element_type=\"widget\" data-e-type=\"widget\" data-widget_type=\"text-editor.default\">\n\t\t\t\t<div class=\"elementor-widget-container\">\n\t\t\t\t\t\t\t\t\t<p><strong>EXPLORATIONS<\/strong> <strong>OF THE ARTIFICIAL SOUL<\/strong><\/p>\n<p><br><strong>Directed by:<\/strong> Robert Traczyk<br><strong>Performers:<\/strong> Robert Traczyk, Marek Gluzi\u0144ski, Magdalena G\u00f3rnicka-Jottard, Weronika Zwierzy\u0144ska<\/p>\n<p><b>Opening:<\/b> 7.07.2023<br><\/p>\n<div class=\"row\">\n<div class=\"col-xs-12 col-sm-12 col-md-12\">\n<div class=\"eventDescription\">\n<p>Machines are now on their way to \"replace\" not physical professions, but creative professions: graphic designers, musicians, copywriters or programmers. The public discussion revolving around the development of the technology mainly revolves around the fear of losing one's job and doubts about the ethics of data acquisition by applications.<\/p>\n<p>Imbued in us by sci-fi movies, the fear of machines taking advantage of humans is well-founded. However, are we really afraid of technology or are we only afraid that it will be used against us? Is AI capable of replacing the artist? Or perhaps cooperate with the artist? The creators of the show will try to perversely replace themselves with an algorithm and pose a fundamental question about the function of art and the role of the artist in the modern world.<\/p>\n<\/div>\n<\/div>\n<\/div>\n<p><br><br><br><\/p>\n<p><br><\/p>\t\t\t\t\t\t\t\t<\/div>\n\t\t\t\t<\/div>\n\t\t\t\t\t<\/div>\n\t\t<\/div>\n\t\t\t\t\t<\/div>\n\t\t<\/section>\n\t\t\t\t<\/div>","protected":false},"excerpt":{"rendered":"<p>EKSPLORACJE SZTUCZNEJ DUSZY Re\u017cyseria: Robert TraczykWyst\u0119puj\u0105: Robert Traczyk, Marek Gluzi\u0144ski, Magdalena G\u00f3rnicka-Jottard, Weronika Zwierzy\u0144ska Premiera: 7.07.2023 Maszyny s\u0105 obecnie na najlepszej drodze do \u201ezast\u0105pienia\u201d nie zawod\u00f3w fizycznych, ale profesji kreatywnych: grafik\u00f3w, muzyk\u00f3w, copywriter\u00f3w&nbsp;czy programist\u00f3w. Spo\u0142eczna dyskusja, kt\u00f3ra toczy si\u0119 wok\u00f3\u0142 rozwoju technologii, obraca si\u0119 g\u0142\u00f3wnie wok\u00f3\u0142 strachu przed utrat\u0105 pracy oraz w\u0105tpliwo\u015bci dotycz\u0105cych etyki pozyskiwania [&hellip;]<\/p>\n","protected":false},"author":1,"featured_media":0,"parent":0,"menu_order":0,"comment_status":"closed","ping_status":"closed","template":"","meta":{"footnotes":""},"class_list":["post-1275","page","type-page","status-publish","hentry"],"_links":{"self":[{"href":"https:\/\/roberttraczyk.art\/en\/wp-json\/wp\/v2\/pages\/1275","targetHints":{"allow":["GET"]}}],"collection":[{"href":"https:\/\/roberttraczyk.art\/en\/wp-json\/wp\/v2\/pages"}],"about":[{"href":"https:\/\/roberttraczyk.art\/en\/wp-json\/wp\/v2\/types\/page"}],"author":[{"embeddable":true,"href":"https:\/\/roberttraczyk.art\/en\/wp-json\/wp\/v2\/users\/1"}],"replies":[{"embeddable":true,"href":"https:\/\/roberttraczyk.art\/en\/wp-json\/wp\/v2\/comments?post=1275"}],"version-history":[{"count":16,"href":"https:\/\/roberttraczyk.art\/en\/wp-json\/wp\/v2\/pages\/1275\/revisions"}],"predecessor-version":[{"id":1336,"href":"https:\/\/roberttraczyk.art\/en\/wp-json\/wp\/v2\/pages\/1275\/revisions\/1336"}],"wp:attachment":[{"href":"https:\/\/roberttraczyk.art\/en\/wp-json\/wp\/v2\/media?parent=1275"}],"curies":[{"name":"wp","href":"https:\/\/api.w.org\/{rel}","templated":true}]}}