{"id":1242,"date":"2023-12-30T17:27:10","date_gmt":"2023-12-30T16:27:10","guid":{"rendered":"https:\/\/roberttraczyk.art\/?page_id=1242"},"modified":"2024-06-25T10:16:49","modified_gmt":"2024-06-25T08:16:49","slug":"niezwykle-odkrycie-papugi","status":"publish","type":"page","link":"https:\/\/roberttraczyk.art\/en\/niezwykle-odkrycie-papugi\/","title":{"rendered":"PARROT'S EXTRAORDINARY DISCOVERY"},"content":{"rendered":"<div data-elementor-type=\"wp-page\" data-elementor-id=\"1242\" class=\"elementor elementor-1242\">\n\t\t\t\t\t\t<section class=\"elementor-section elementor-top-section elementor-element elementor-element-d0c777d elementor-section-boxed elementor-section-height-default elementor-section-height-default\" data-id=\"d0c777d\" data-element_type=\"section\" data-e-type=\"section\">\n\t\t\t\t\t\t<div class=\"elementor-container elementor-column-gap-default\">\n\t\t\t\t\t<div class=\"elementor-column elementor-col-50 elementor-top-column elementor-element elementor-element-85208da\" data-id=\"85208da\" data-element_type=\"column\" data-e-type=\"column\">\n\t\t\t<div class=\"elementor-widget-wrap elementor-element-populated\">\n\t\t\t\t\t\t<div class=\"elementor-element elementor-element-3b2fc6a elementor-widget elementor-widget-image-gallery\" data-id=\"3b2fc6a\" data-element_type=\"widget\" data-e-type=\"widget\" data-widget_type=\"image-gallery.default\">\n\t\t\t\t<div class=\"elementor-widget-container\">\n\t\t\t\t\t\t\t<div class=\"elementor-image-gallery\">\n\t\t\t<div id='gallery-1' class='gallery galleryid-1242 gallery-columns-4 gallery-size-thumbnail'><figure class='gallery-item'>\n\t\t\t<div class='gallery-icon landscape'>\n\t\t\t\t<a data-elementor-open-lightbox=\"yes\" data-elementor-lightbox-slideshow=\"3b2fc6a\" data-e-action-hash=\"#elementor-action%3Aaction%3Dlightbox%26settings%3DeyJpZCI6MTIzOSwidXJsIjoiaHR0cHM6XC9cL3JvYmVydHRyYWN6eWsuYXJ0XC93cC1jb250ZW50XC91cGxvYWRzXC8yMDIzXC8xMlwvcmVjZWl2ZWRfMTUxMTUyNDU2Mjc1MTk5MTEtMS5qcGVnIiwic2xpZGVzaG93IjoiM2IyZmM2YSJ9\" href='https:\/\/roberttraczyk.art\/wp-content\/uploads\/2023\/12\/received_15115245627519911-1.jpeg'><img decoding=\"async\" width=\"150\" height=\"150\" src=\"https:\/\/roberttraczyk.art\/wp-content\/uploads\/2023\/12\/received_15115245627519911-1-150x150.jpeg\" class=\"attachment-thumbnail size-thumbnail\" alt=\"\" srcset=\"https:\/\/roberttraczyk.art\/wp-content\/uploads\/2023\/12\/received_15115245627519911-1-150x150.jpeg 150w, https:\/\/roberttraczyk.art\/wp-content\/uploads\/2023\/12\/received_15115245627519911-1-800x800.jpeg 800w\" sizes=\"(min-width: 960px) 75vw, 100vw\" \/><\/a>\n\t\t\t<\/div><\/figure><figure class='gallery-item'>\n\t\t\t<div class='gallery-icon landscape'>\n\t\t\t\t<a data-elementor-open-lightbox=\"yes\" data-elementor-lightbox-slideshow=\"3b2fc6a\" data-e-action-hash=\"#elementor-action%3Aaction%3Dlightbox%26settings%3DeyJpZCI6MTIzOCwidXJsIjoiaHR0cHM6XC9cL3JvYmVydHRyYWN6eWsuYXJ0XC93cC1jb250ZW50XC91cGxvYWRzXC8yMDIzXC8xMlwvcmVjZWl2ZWRfMTUwODQ2MjYxMzI4MDQwMS0xLmpwZWciLCJzbGlkZXNob3ciOiIzYjJmYzZhIn0%3D\" href='https:\/\/roberttraczyk.art\/wp-content\/uploads\/2023\/12\/received_1508462613280401-1.jpeg'><img decoding=\"async\" width=\"150\" height=\"150\" src=\"https:\/\/roberttraczyk.art\/wp-content\/uploads\/2023\/12\/received_1508462613280401-1-150x150.jpeg\" class=\"attachment-thumbnail size-thumbnail\" alt=\"\" srcset=\"https:\/\/roberttraczyk.art\/wp-content\/uploads\/2023\/12\/received_1508462613280401-1-150x150.jpeg 150w, https:\/\/roberttraczyk.art\/wp-content\/uploads\/2023\/12\/received_1508462613280401-1-800x800.jpeg 800w\" sizes=\"(min-width: 960px) 75vw, 100vw\" \/><\/a>\n\t\t\t<\/div><\/figure><figure class='gallery-item'>\n\t\t\t<div class='gallery-icon portrait'>\n\t\t\t\t<a data-elementor-open-lightbox=\"yes\" data-elementor-lightbox-slideshow=\"3b2fc6a\" data-e-action-hash=\"#elementor-action%3Aaction%3Dlightbox%26settings%3DeyJpZCI6MTIzNywidXJsIjoiaHR0cHM6XC9cL3JvYmVydHRyYWN6eWsuYXJ0XC93cC1jb250ZW50XC91cGxvYWRzXC8yMDIzXC8xMlwvcmVjZWl2ZWRfMTEzMjU4NjAzMTIwNTE1Mi0xLmpwZWciLCJzbGlkZXNob3ciOiIzYjJmYzZhIn0%3D\" href='https:\/\/roberttraczyk.art\/wp-content\/uploads\/2023\/12\/received_1132586031205152-1.jpeg'><img decoding=\"async\" width=\"150\" height=\"150\" src=\"https:\/\/roberttraczyk.art\/wp-content\/uploads\/2023\/12\/received_1132586031205152-1-150x150.jpeg\" class=\"attachment-thumbnail size-thumbnail\" alt=\"\" srcset=\"https:\/\/roberttraczyk.art\/wp-content\/uploads\/2023\/12\/received_1132586031205152-1-150x150.jpeg 150w, https:\/\/roberttraczyk.art\/wp-content\/uploads\/2023\/12\/received_1132586031205152-1-800x800.jpeg 800w\" sizes=\"(min-width: 960px) 75vw, 100vw\" \/><\/a>\n\t\t\t<\/div><\/figure><figure class='gallery-item'>\n\t\t\t<div class='gallery-icon landscape'>\n\t\t\t\t<a data-elementor-open-lightbox=\"yes\" data-elementor-lightbox-slideshow=\"3b2fc6a\" data-e-action-hash=\"#elementor-action%3Aaction%3Dlightbox%26settings%3DeyJpZCI6MTIzNiwidXJsIjoiaHR0cHM6XC9cL3JvYmVydHRyYWN6eWsuYXJ0XC93cC1jb250ZW50XC91cGxvYWRzXC8yMDIzXC8xMlwvcmVjZWl2ZWRfMTA2OTQ4NzAwMTEzMjIxMS0xLmpwZWciLCJzbGlkZXNob3ciOiIzYjJmYzZhIn0%3D\" href='https:\/\/roberttraczyk.art\/wp-content\/uploads\/2023\/12\/received_1069487001132211-1.jpeg'><img loading=\"lazy\" decoding=\"async\" width=\"150\" height=\"150\" src=\"https:\/\/roberttraczyk.art\/wp-content\/uploads\/2023\/12\/received_1069487001132211-1-150x150.jpeg\" class=\"attachment-thumbnail size-thumbnail\" alt=\"\" srcset=\"https:\/\/roberttraczyk.art\/wp-content\/uploads\/2023\/12\/received_1069487001132211-1-150x150.jpeg 150w, https:\/\/roberttraczyk.art\/wp-content\/uploads\/2023\/12\/received_1069487001132211-1-800x800.jpeg 800w\" sizes=\"(min-width: 960px) 75vw, 100vw\" \/><\/a>\n\t\t\t<\/div><\/figure><figure class='gallery-item'>\n\t\t\t<div class='gallery-icon portrait'>\n\t\t\t\t<a data-elementor-open-lightbox=\"yes\" data-elementor-lightbox-slideshow=\"3b2fc6a\" data-e-action-hash=\"#elementor-action%3Aaction%3Dlightbox%26settings%3DeyJpZCI6MTIzNSwidXJsIjoiaHR0cHM6XC9cL3JvYmVydHRyYWN6eWsuYXJ0XC93cC1jb250ZW50XC91cGxvYWRzXC8yMDIzXC8xMlwvcmVjZWl2ZWRfOTEzNDcwMDQ2MzE5ODkzLTEuanBlZyIsInNsaWRlc2hvdyI6IjNiMmZjNmEifQ%3D%3D\" href='https:\/\/roberttraczyk.art\/wp-content\/uploads\/2023\/12\/received_913470046319893-1.jpeg'><img loading=\"lazy\" decoding=\"async\" width=\"150\" height=\"150\" src=\"https:\/\/roberttraczyk.art\/wp-content\/uploads\/2023\/12\/received_913470046319893-1-150x150.jpeg\" class=\"attachment-thumbnail size-thumbnail\" alt=\"\" srcset=\"https:\/\/roberttraczyk.art\/wp-content\/uploads\/2023\/12\/received_913470046319893-1-150x150.jpeg 150w, https:\/\/roberttraczyk.art\/wp-content\/uploads\/2023\/12\/received_913470046319893-1-800x800.jpeg 800w\" sizes=\"(min-width: 960px) 75vw, 100vw\" \/><\/a>\n\t\t\t<\/div><\/figure><figure class='gallery-item'>\n\t\t\t<div class='gallery-icon portrait'>\n\t\t\t\t<a data-elementor-open-lightbox=\"yes\" data-elementor-lightbox-slideshow=\"3b2fc6a\" data-e-action-hash=\"#elementor-action%3Aaction%3Dlightbox%26settings%3DeyJpZCI6MTIzNCwidXJsIjoiaHR0cHM6XC9cL3JvYmVydHRyYWN6eWsuYXJ0XC93cC1jb250ZW50XC91cGxvYWRzXC8yMDIzXC8xMlwvcmVjZWl2ZWRfODk5Njc3NzU1MDc3NzA3LTEuanBlZyIsInNsaWRlc2hvdyI6IjNiMmZjNmEifQ%3D%3D\" href='https:\/\/roberttraczyk.art\/wp-content\/uploads\/2023\/12\/received_899677755077707-1.jpeg'><img loading=\"lazy\" decoding=\"async\" width=\"150\" height=\"150\" src=\"https:\/\/roberttraczyk.art\/wp-content\/uploads\/2023\/12\/received_899677755077707-1-150x150.jpeg\" class=\"attachment-thumbnail size-thumbnail\" alt=\"\" srcset=\"https:\/\/roberttraczyk.art\/wp-content\/uploads\/2023\/12\/received_899677755077707-1-150x150.jpeg 150w, https:\/\/roberttraczyk.art\/wp-content\/uploads\/2023\/12\/received_899677755077707-1-800x800.jpeg 800w\" sizes=\"(min-width: 960px) 75vw, 100vw\" \/><\/a>\n\t\t\t<\/div><\/figure><figure class='gallery-item'>\n\t\t\t<div class='gallery-icon landscape'>\n\t\t\t\t<a data-elementor-open-lightbox=\"yes\" data-elementor-lightbox-slideshow=\"3b2fc6a\" data-e-action-hash=\"#elementor-action%3Aaction%3Dlightbox%26settings%3DeyJpZCI6MTIzMywidXJsIjoiaHR0cHM6XC9cL3JvYmVydHRyYWN6eWsuYXJ0XC93cC1jb250ZW50XC91cGxvYWRzXC8yMDIzXC8xMlwvcmVjZWl2ZWRfODA1NTAyODE4MDQ4MTUyLTEuanBlZyIsInNsaWRlc2hvdyI6IjNiMmZjNmEifQ%3D%3D\" href='https:\/\/roberttraczyk.art\/wp-content\/uploads\/2023\/12\/received_805502818048152-1.jpeg'><img loading=\"lazy\" decoding=\"async\" width=\"150\" height=\"150\" src=\"https:\/\/roberttraczyk.art\/wp-content\/uploads\/2023\/12\/received_805502818048152-1-150x150.jpeg\" class=\"attachment-thumbnail size-thumbnail\" alt=\"\" srcset=\"https:\/\/roberttraczyk.art\/wp-content\/uploads\/2023\/12\/received_805502818048152-1-150x150.jpeg 150w, https:\/\/roberttraczyk.art\/wp-content\/uploads\/2023\/12\/received_805502818048152-1-800x800.jpeg 800w\" sizes=\"(min-width: 960px) 75vw, 100vw\" \/><\/a>\n\t\t\t<\/div><\/figure><figure class='gallery-item'>\n\t\t\t<div class='gallery-icon portrait'>\n\t\t\t\t<a data-elementor-open-lightbox=\"yes\" data-elementor-lightbox-slideshow=\"3b2fc6a\" data-e-action-hash=\"#elementor-action%3Aaction%3Dlightbox%26settings%3DeyJpZCI6MTIzMiwidXJsIjoiaHR0cHM6XC9cL3JvYmVydHRyYWN6eWsuYXJ0XC93cC1jb250ZW50XC91cGxvYWRzXC8yMDIzXC8xMlwvcmVjZWl2ZWRfNzUyNjgwMzk2ODk5ODgwLTEuanBlZyIsInNsaWRlc2hvdyI6IjNiMmZjNmEifQ%3D%3D\" href='https:\/\/roberttraczyk.art\/wp-content\/uploads\/2023\/12\/received_752680396899880-1.jpeg'><img loading=\"lazy\" decoding=\"async\" width=\"150\" height=\"150\" src=\"https:\/\/roberttraczyk.art\/wp-content\/uploads\/2023\/12\/received_752680396899880-1-150x150.jpeg\" class=\"attachment-thumbnail size-thumbnail\" alt=\"\" srcset=\"https:\/\/roberttraczyk.art\/wp-content\/uploads\/2023\/12\/received_752680396899880-1-150x150.jpeg 150w, https:\/\/roberttraczyk.art\/wp-content\/uploads\/2023\/12\/received_752680396899880-1-800x800.jpeg 800w\" sizes=\"(min-width: 960px) 75vw, 100vw\" \/><\/a>\n\t\t\t<\/div><\/figure><figure class='gallery-item'>\n\t\t\t<div class='gallery-icon portrait'>\n\t\t\t\t<a data-elementor-open-lightbox=\"yes\" data-elementor-lightbox-slideshow=\"3b2fc6a\" data-e-action-hash=\"#elementor-action%3Aaction%3Dlightbox%26settings%3DeyJpZCI6MTIzMSwidXJsIjoiaHR0cHM6XC9cL3JvYmVydHRyYWN6eWsuYXJ0XC93cC1jb250ZW50XC91cGxvYWRzXC8yMDIzXC8xMlwvcmVjZWl2ZWRfNzUxNzQ5MjQ2OTk3NTA3LTEuanBlZyIsInNsaWRlc2hvdyI6IjNiMmZjNmEifQ%3D%3D\" href='https:\/\/roberttraczyk.art\/wp-content\/uploads\/2023\/12\/received_751749246997507-1.jpeg'><img loading=\"lazy\" decoding=\"async\" width=\"150\" height=\"150\" src=\"https:\/\/roberttraczyk.art\/wp-content\/uploads\/2023\/12\/received_751749246997507-1-150x150.jpeg\" class=\"attachment-thumbnail size-thumbnail\" alt=\"\" srcset=\"https:\/\/roberttraczyk.art\/wp-content\/uploads\/2023\/12\/received_751749246997507-1-150x150.jpeg 150w, https:\/\/roberttraczyk.art\/wp-content\/uploads\/2023\/12\/received_751749246997507-1-800x800.jpeg 800w\" sizes=\"(min-width: 960px) 75vw, 100vw\" \/><\/a>\n\t\t\t<\/div><\/figure><figure class='gallery-item'>\n\t\t\t<div class='gallery-icon portrait'>\n\t\t\t\t<a data-elementor-open-lightbox=\"yes\" data-elementor-lightbox-slideshow=\"3b2fc6a\" data-e-action-hash=\"#elementor-action%3Aaction%3Dlightbox%26settings%3DeyJpZCI6MTIzMCwidXJsIjoiaHR0cHM6XC9cL3JvYmVydHRyYWN6eWsuYXJ0XC93cC1jb250ZW50XC91cGxvYWRzXC8yMDIzXC8xMlwvcmVjZWl2ZWRfNjc0NzIzNzM0ODEyNjc1LTEuanBlZyIsInNsaWRlc2hvdyI6IjNiMmZjNmEifQ%3D%3D\" href='https:\/\/roberttraczyk.art\/wp-content\/uploads\/2023\/12\/received_674723734812675-1.jpeg'><img loading=\"lazy\" decoding=\"async\" width=\"150\" height=\"150\" src=\"https:\/\/roberttraczyk.art\/wp-content\/uploads\/2023\/12\/received_674723734812675-1-150x150.jpeg\" class=\"attachment-thumbnail size-thumbnail\" alt=\"\" srcset=\"https:\/\/roberttraczyk.art\/wp-content\/uploads\/2023\/12\/received_674723734812675-1-150x150.jpeg 150w, https:\/\/roberttraczyk.art\/wp-content\/uploads\/2023\/12\/received_674723734812675-1-800x800.jpeg 800w\" sizes=\"(min-width: 960px) 75vw, 100vw\" \/><\/a>\n\t\t\t<\/div><\/figure><figure class='gallery-item'>\n\t\t\t<div class='gallery-icon landscape'>\n\t\t\t\t<a data-elementor-open-lightbox=\"yes\" data-elementor-lightbox-slideshow=\"3b2fc6a\" data-e-action-hash=\"#elementor-action%3Aaction%3Dlightbox%26settings%3DeyJpZCI6MTIyOSwidXJsIjoiaHR0cHM6XC9cL3JvYmVydHRyYWN6eWsuYXJ0XC93cC1jb250ZW50XC91cGxvYWRzXC8yMDIzXC8xMlwvcmVjZWl2ZWRfMzc2MDc5MTA4MTQ4MjAyLTEuanBlZyIsInNsaWRlc2hvdyI6IjNiMmZjNmEifQ%3D%3D\" href='https:\/\/roberttraczyk.art\/wp-content\/uploads\/2023\/12\/received_376079108148202-1.jpeg'><img loading=\"lazy\" decoding=\"async\" width=\"150\" height=\"150\" src=\"https:\/\/roberttraczyk.art\/wp-content\/uploads\/2023\/12\/received_376079108148202-1-150x150.jpeg\" class=\"attachment-thumbnail size-thumbnail\" alt=\"\" srcset=\"https:\/\/roberttraczyk.art\/wp-content\/uploads\/2023\/12\/received_376079108148202-1-150x150.jpeg 150w, https:\/\/roberttraczyk.art\/wp-content\/uploads\/2023\/12\/received_376079108148202-1-800x800.jpeg 800w\" sizes=\"(min-width: 960px) 75vw, 100vw\" \/><\/a>\n\t\t\t<\/div><\/figure><figure class='gallery-item'>\n\t\t\t<div class='gallery-icon landscape'>\n\t\t\t\t<a data-elementor-open-lightbox=\"yes\" data-elementor-lightbox-slideshow=\"3b2fc6a\" data-e-action-hash=\"#elementor-action%3Aaction%3Dlightbox%26settings%3DeyJpZCI6MTIyOCwidXJsIjoiaHR0cHM6XC9cL3JvYmVydHRyYWN6eWsuYXJ0XC93cC1jb250ZW50XC91cGxvYWRzXC8yMDIzXC8xMlwvcmVjZWl2ZWRfMzQ0MDAyNTkxNjYzMjE1LmpwZWciLCJzbGlkZXNob3ciOiIzYjJmYzZhIn0%3D\" href='https:\/\/roberttraczyk.art\/wp-content\/uploads\/2023\/12\/received_344002591663215.jpeg'><img loading=\"lazy\" decoding=\"async\" width=\"150\" height=\"150\" src=\"https:\/\/roberttraczyk.art\/wp-content\/uploads\/2023\/12\/received_344002591663215-150x150.jpeg\" class=\"attachment-thumbnail size-thumbnail\" alt=\"\" srcset=\"https:\/\/roberttraczyk.art\/wp-content\/uploads\/2023\/12\/received_344002591663215-150x150.jpeg 150w, https:\/\/roberttraczyk.art\/wp-content\/uploads\/2023\/12\/received_344002591663215-800x800.jpeg 800w\" sizes=\"(min-width: 960px) 75vw, 100vw\" \/><\/a>\n\t\t\t<\/div><\/figure><figure class='gallery-item'>\n\t\t\t<div class='gallery-icon landscape'>\n\t\t\t\t<a data-elementor-open-lightbox=\"yes\" data-elementor-lightbox-slideshow=\"3b2fc6a\" data-e-action-hash=\"#elementor-action%3Aaction%3Dlightbox%26settings%3DeyJpZCI6MTIyNywidXJsIjoiaHR0cHM6XC9cL3JvYmVydHRyYWN6eWsuYXJ0XC93cC1jb250ZW50XC91cGxvYWRzXC8yMDIzXC8xMlwvcmVjZWl2ZWRfMzI1NDU3MDczNjY1MjM1LTEuanBlZyIsInNsaWRlc2hvdyI6IjNiMmZjNmEifQ%3D%3D\" href='https:\/\/roberttraczyk.art\/wp-content\/uploads\/2023\/12\/received_325457073665235-1.jpeg'><img loading=\"lazy\" decoding=\"async\" width=\"150\" height=\"150\" src=\"https:\/\/roberttraczyk.art\/wp-content\/uploads\/2023\/12\/received_325457073665235-1-150x150.jpeg\" class=\"attachment-thumbnail size-thumbnail\" alt=\"\" srcset=\"https:\/\/roberttraczyk.art\/wp-content\/uploads\/2023\/12\/received_325457073665235-1-150x150.jpeg 150w, https:\/\/roberttraczyk.art\/wp-content\/uploads\/2023\/12\/received_325457073665235-1-800x800.jpeg 800w\" sizes=\"(min-width: 960px) 75vw, 100vw\" \/><\/a>\n\t\t\t<\/div><\/figure><figure class='gallery-item'>\n\t\t\t<div class='gallery-icon portrait'>\n\t\t\t\t<a data-elementor-open-lightbox=\"yes\" data-elementor-lightbox-slideshow=\"3b2fc6a\" data-e-action-hash=\"#elementor-action%3Aaction%3Dlightbox%26settings%3DeyJpZCI6MTIyNSwidXJsIjoiaHR0cHM6XC9cL3JvYmVydHRyYWN6eWsuYXJ0XC93cC1jb250ZW50XC91cGxvYWRzXC8yMDIzXC8xMlwvcmVjZWl2ZWRfMzEwNTkxODg1Mjk3MzU5LTEuanBlZyIsInNsaWRlc2hvdyI6IjNiMmZjNmEifQ%3D%3D\" href='https:\/\/roberttraczyk.art\/wp-content\/uploads\/2023\/12\/received_310591885297359-1.jpeg'><img loading=\"lazy\" decoding=\"async\" width=\"150\" height=\"150\" src=\"https:\/\/roberttraczyk.art\/wp-content\/uploads\/2023\/12\/received_310591885297359-1-150x150.jpeg\" class=\"attachment-thumbnail size-thumbnail\" alt=\"\" srcset=\"https:\/\/roberttraczyk.art\/wp-content\/uploads\/2023\/12\/received_310591885297359-1-150x150.jpeg 150w, https:\/\/roberttraczyk.art\/wp-content\/uploads\/2023\/12\/received_310591885297359-1-800x800.jpeg 800w\" sizes=\"(min-width: 960px) 75vw, 100vw\" \/><\/a>\n\t\t\t<\/div><\/figure><figure class='gallery-item'>\n\t\t\t<div class='gallery-icon landscape'>\n\t\t\t\t<a data-elementor-open-lightbox=\"yes\" data-elementor-lightbox-slideshow=\"3b2fc6a\" data-e-action-hash=\"#elementor-action%3Aaction%3Dlightbox%26settings%3DeyJpZCI6MTIyNCwidXJsIjoiaHR0cHM6XC9cL3JvYmVydHRyYWN6eWsuYXJ0XC93cC1jb250ZW50XC91cGxvYWRzXC8yMDIzXC8xMlwvcmVjZWl2ZWRfMjQxNzY2MDM4OTI3OTg0LTEuanBlZyIsInNsaWRlc2hvdyI6IjNiMmZjNmEifQ%3D%3D\" href='https:\/\/roberttraczyk.art\/wp-content\/uploads\/2023\/12\/received_241766038927984-1.jpeg'><img loading=\"lazy\" decoding=\"async\" width=\"150\" height=\"150\" src=\"https:\/\/roberttraczyk.art\/wp-content\/uploads\/2023\/12\/received_241766038927984-1-150x150.jpeg\" class=\"attachment-thumbnail size-thumbnail\" alt=\"\" aria-describedby=\"gallery-1-1224\" srcset=\"https:\/\/roberttraczyk.art\/wp-content\/uploads\/2023\/12\/received_241766038927984-1-150x150.jpeg 150w, https:\/\/roberttraczyk.art\/wp-content\/uploads\/2023\/12\/received_241766038927984-1-800x800.jpeg 800w\" sizes=\"(min-width: 960px) 75vw, 100vw\" \/><\/a>\n\t\t\t<\/div>\n\t\t\t\t<figcaption class='wp-caption-text gallery-caption' id='gallery-1-1224'>\n\t\t\t\tPARROT'S EXTRAORDINARY DISCOVERY\n\t\t\t\t<\/figcaption><\/figure><figure class='gallery-item'>\n\t\t\t<div class='gallery-icon landscape'>\n\t\t\t\t<a data-elementor-open-lightbox=\"yes\" data-elementor-lightbox-slideshow=\"3b2fc6a\" data-e-action-hash=\"#elementor-action%3Aaction%3Dlightbox%26settings%3DeyJpZCI6MTI1NiwidXJsIjoiaHR0cHM6XC9cL3JvYmVydHRyYWN6eWsuYXJ0XC93cC1jb250ZW50XC91cGxvYWRzXC8yMDIzXC8xMlwvbmllend5a2xlX29ka3J5Y2llX3BhcHVnaS0yLmpwZyIsInNsaWRlc2hvdyI6IjNiMmZjNmEifQ%3D%3D\" data-elementor-lightbox-title=\"niezwykle_odkrycie_papugi\" href='https:\/\/roberttraczyk.art\/wp-content\/uploads\/2023\/12\/niezwykle_odkrycie_papugi-2.jpg'><img loading=\"lazy\" decoding=\"async\" width=\"150\" height=\"150\" src=\"https:\/\/roberttraczyk.art\/wp-content\/uploads\/2023\/12\/niezwykle_odkrycie_papugi-2-150x150.jpg\" class=\"attachment-thumbnail size-thumbnail\" alt=\"\" srcset=\"https:\/\/roberttraczyk.art\/wp-content\/uploads\/2023\/12\/niezwykle_odkrycie_papugi-2-150x150.jpg 150w, https:\/\/roberttraczyk.art\/wp-content\/uploads\/2023\/12\/niezwykle_odkrycie_papugi-2-800x800.jpg 800w\" sizes=\"(min-width: 960px) 75vw, 100vw\" \/><\/a>\n\t\t\t<\/div><\/figure>\n\t\t<\/div>\n\t\t<\/div>\n\t\t\t\t\t\t<\/div>\n\t\t\t\t<\/div>\n\t\t\t\t<div class=\"elementor-element elementor-element-c75cdd9 elementor-widget elementor-widget-text-editor\" data-id=\"c75cdd9\" data-element_type=\"widget\" data-e-type=\"widget\" data-widget_type=\"text-editor.default\">\n\t\t\t\t<div class=\"elementor-widget-container\">\n\t\t\t\t\t\t\t\t\t<p>Fot. Kamil Derda<\/p>\t\t\t\t\t\t\t\t<\/div>\n\t\t\t\t<\/div>\n\t\t\t\t\t<\/div>\n\t\t<\/div>\n\t\t\t\t<div class=\"elementor-column elementor-col-50 elementor-top-column elementor-element elementor-element-f0086d3\" data-id=\"f0086d3\" data-element_type=\"column\" data-e-type=\"column\">\n\t\t\t<div class=\"elementor-widget-wrap elementor-element-populated\">\n\t\t\t\t\t\t<div class=\"elementor-element elementor-element-8ffa1c1 elementor-widget elementor-widget-text-editor\" data-id=\"8ffa1c1\" data-element_type=\"widget\" data-e-type=\"widget\" data-widget_type=\"text-editor.default\">\n\t\t\t\t<div class=\"elementor-widget-container\">\n\t\t\t\t\t\t\t\t\t<p><strong>PARROT'S EXTRAORDINARY DISCOVERY<\/strong><\/p>\n<p>Text - <strong>Robert Traczyk<br><\/strong>Directing - <strong>Bartosz J\u0119dra\u015b<br><\/strong>2nd Director <strong>Dominika Walo<br><\/strong>Set and Cosutmes designer - <strong>Adrian Lewandowski<br><\/strong>Music - <strong>Krzysztof Pa\u017adziora, Bartosz J\u0119dra\u015b<\/strong><\/p>\n<p><\/p>\n<p><strong>Obsada<\/strong>:<\/p>\n<p>Parrot - <strong><a href=\"https:\/\/www.teatr.zgora.pl\/o-nas\/zespol-artystyczny\/551-katarzyna-holynska\">Katarzyna Ho\u0142y\u0144ska<\/a><br><\/strong>Spider - <strong><a href=\"https:\/\/www.teatr.zgora.pl\/o-nas\/zespol-artystyczny\/259-elzbieta-donimirska\">El\u017cbieta Donimirska<\/a><br><\/strong>Owl - <strong><a href=\"https:\/\/www.teatr.zgora.pl\/o-nas\/zespol-artystyczny\/257-marta-frackowiak\">Marta Fr\u0105ckowiak<br><\/a><\/strong>Koala &#8211; <strong><a href=\"https:\/\/www.teatr.zgora.pl\/o-nas\/zespol-artystyczny\/280-aleksander-stasiewicz\">Aleksander Stasiewicz<br><\/a><\/strong>Kukabura \/ Bird's Radio! <strong><a href=\"https:\/\/www.teatr.zgora.pl\/o-nas\/zespol-artystyczny\/554-jakub-mikolajczak\">Jakub Miko\u0142ajczak<br><\/a><\/strong>Crocodile -&nbsp;<strong><a href=\"https:\/\/www.teatr.zgora.pl\/o-nas\/zespol-artystyczny\/258-marek-sitarski\">Marek Sitarski<br><\/a><\/strong>Cameraman <strong>Rafa\u0142 Jakowlew<\/strong><\/p>\n<h5 style=\"line-height: 200%;\"><strong>P<\/strong>Opening: 13.12.2023 in Lubuski Teatr in Zielona Gora<br>Age: 7+<\/h5>\n<p align=\"justify\">In the picturesque depths of the tropical jungle a variety of animals live harmoniously. However, Parrot - a brave young soul, does not yet have his place and his tasks in this idyllic world. One day the curious Parrot accidentally confronts a great force that threatens to destroy the jungle - the beloved home of the animals. Unfortunately, the animals don't believe her and stubbornly ignore Parrot's warnings. After all, what can such a small, inexperienced bird know about the dangers? Probably out of boredom she makes it up!  Are you sure? You will find out by watching the show.<\/p>\n<p align=\"justify\"><em>Parrot's Extraordinary Discovery <\/em>is a touching story about courage, perseverance and the power of a young voice in society. It is a play full of magic (but also scientific facts) that tells the story of how the beliefs and ideas of the young are often overlooked, and it is these that can bring needed change. It is also a moving story for children, reminding them that it is worth believing in themselves, their dreams and trusting their gut feelings - sometimes in spite of the voices of adults. Children will also learn from the book that ignorance can lead to tragedy, and that determination and unity in action can make a big difference in the face of adversity.<br><br>The production was voted the most popular show of the 2023\/2024 season in the 'LEONS' audience poll. <br><\/p>\n<p><style type=\"text\/css\">p { line-height: 115%; margin-bottom: 0.25cm; background: transparent }a:link { color: #000080; text-decoration: underline }strong { font-weight: bold <\/style>\n<\/p>\n<p><style type=\"text\/css\">p { line-height: 115%; margin-bottom: 0.25cm; background: transparent }a:link { color: #000080; text-decoration: underline }em { font-style: italic }<\/style>\n<\/p>\t\t\t\t\t\t\t\t<\/div>\n\t\t\t\t<\/div>\n\t\t\t\t\t<\/div>\n\t\t<\/div>\n\t\t\t\t\t<\/div>\n\t\t<\/section>\n\t\t\t\t<\/div>","protected":false},"excerpt":{"rendered":"<p>NIEZWYK\u0141E ODKRYCIE PAPUGI Fot. Kamil Derda NIEZWYK\u0141E ODKRYCIE PAPUGI Scenariusz &#8211; Robert TraczykRe\u017cyseria &#8211; Bartosz J\u0119dra\u015bII Re\u017cyserka &#8211; Dominika WaloScenografia i kostiumy &#8211; Adrian LewandowskiMuzyka &#8211; Krzysztof Pa\u017adziora, Bartosz J\u0119dra\u015b Obsada: Papuga &#8211; Katarzyna Ho\u0142y\u0144skaPaj\u0119czyca &#8211; El\u017cbieta DonimirskaSowa &#8211; Marta Fr\u0105ckowiakKoala &#8211; Aleksander StasiewiczKukabura \/ Ptasie Radio &#8211; Jakub Miko\u0142ajczakKrokodyl &#8211;&nbsp;Marek SitarskiOperator filmowy &#8211; Rafa\u0142 [&hellip;]<\/p>\n","protected":false},"author":1,"featured_media":0,"parent":0,"menu_order":0,"comment_status":"closed","ping_status":"closed","template":"","meta":{"footnotes":""},"class_list":["post-1242","page","type-page","status-publish","hentry"],"_links":{"self":[{"href":"https:\/\/roberttraczyk.art\/en\/wp-json\/wp\/v2\/pages\/1242","targetHints":{"allow":["GET"]}}],"collection":[{"href":"https:\/\/roberttraczyk.art\/en\/wp-json\/wp\/v2\/pages"}],"about":[{"href":"https:\/\/roberttraczyk.art\/en\/wp-json\/wp\/v2\/types\/page"}],"author":[{"embeddable":true,"href":"https:\/\/roberttraczyk.art\/en\/wp-json\/wp\/v2\/users\/1"}],"replies":[{"embeddable":true,"href":"https:\/\/roberttraczyk.art\/en\/wp-json\/wp\/v2\/comments?post=1242"}],"version-history":[{"count":25,"href":"https:\/\/roberttraczyk.art\/en\/wp-json\/wp\/v2\/pages\/1242\/revisions"}],"predecessor-version":[{"id":1477,"href":"https:\/\/roberttraczyk.art\/en\/wp-json\/wp\/v2\/pages\/1242\/revisions\/1477"}],"wp:attachment":[{"href":"https:\/\/roberttraczyk.art\/en\/wp-json\/wp\/v2\/media?parent=1242"}],"curies":[{"name":"wp","href":"https:\/\/api.w.org\/{rel}","templated":true}]}}